{"id":4370,"date":"2021-11-04T11:45:08","date_gmt":"2021-11-04T11:45:08","guid":{"rendered":"https:\/\/beneluxtimes.com\/?page_id=4370"},"modified":"2024-06-11T10:10:38","modified_gmt":"2024-06-11T10:10:38","slug":"contact","status":"publish","type":"page","link":"https:\/\/beneluxtimes.com\/nl\/contact\/","title":{"rendered":"Contact"},"content":{"rendered":"\t\t<div data-elementor-type=\"wp-page\" data-elementor-id=\"4370\" class=\"elementor elementor-4370 elementor-1502\">\n\t\t\t\t<div class=\"elementor-element elementor-element-2ab5982c e-flex e-con-boxed e-con e-parent\" data-id=\"2ab5982c\" data-element_type=\"container\" data-e-type=\"container\">\n\t\t\t\t\t<div class=\"e-con-inner\">\n\t\t<div class=\"elementor-element elementor-element-c3c87cb e-con-full e-flex e-con e-child\" data-id=\"c3c87cb\" data-element_type=\"container\" data-e-type=\"container\">\n\t\t\t\t<div class=\"elementor-element elementor-element-442713ec elementor-widget elementor-widget-text-editor\" data-id=\"442713ec\" data-element_type=\"widget\" data-e-type=\"widget\" data-widget_type=\"text-editor.default\">\n\t\t\t\t<div class=\"elementor-widget-container\">\n\t\t\t\t\t\t\t\t\t<h2 style=\"margin-bottom: 15px;\">Contacteer Ons<\/h2><p>De Benelux Times\u2122 kijkt ernaar uit van u te horen. Als u vragen heeft over ons of als u persberichtverspreiding naar media in Belgi\u00eb, Nederland, Luxemburg of Europa nodig heeft, neem dan contact met ons op via deze berichtenapps: <a href=\"https:\/\/api.whatsapp.com\/send\/?phone=18327162363&amp;text&amp;app_absent=0\">WhatsApp<\/a>, <a href=\"skype:groupwebmedia?chat\">Skype<\/a> of <a href=\"https:\/\/t.me\/groupwebmedia\">Telegram<\/a>.<\/p>\t\t\t\t\t\t\t\t<\/div>\n\t\t\t\t<\/div>\n\t\t\t\t<\/div>\n\t\t<div class=\"elementor-element elementor-element-159f49b3 e-con-full rb-sticky e-flex e-con e-child\" data-id=\"159f49b3\" data-element_type=\"container\" data-e-type=\"container\">\n\t\t\t\t<div class=\"elementor-element elementor-element-4c7a8bb8 elementor-widget elementor-widget-foxiz-heading\" data-id=\"4c7a8bb8\" data-element_type=\"widget\" data-e-type=\"widget\" data-widget_type=\"foxiz-heading.default\">\n\t\t\t\t<div class=\"elementor-widget-container\">\n\t\t\t\t\t<div id=\"uid_4c7a8bb8\" class=\"block-h heading-layout-2\"><div class=\"heading-inner\"><h2 class=\"heading-title\"><span>Laatste nieuws<\/span><\/h2><\/div><\/div>\t\t\t\t<\/div>\n\t\t\t\t<\/div>\n\t\t\t\t<div class=\"elementor-element elementor-element-43663e0e elementor-widget elementor-widget-foxiz-list-small-2\" data-id=\"43663e0e\" data-element_type=\"widget\" data-e-type=\"widget\" data-widget_type=\"foxiz-list-small-2.default\">\n\t\t\t\t<div class=\"elementor-widget-container\">\n\t\t\t\t\t<div id=\"uid_43663e0e\" class=\"block-wrap block-small block-list block-list-small-2 rb-columns rb-col-1 is-feat-left meta-s-default\"><div class=\"block-inner\">\t\t<div class=\"p-wrap p-small p-list-small-2\" data-pid=\"11164\">\r\n\t\t\t\t<div class=\"feat-holder\">\t\t<div class=\"p-featured ratio-v1\">\r\n\t\t\t\t\t<a class=\"p-flink\" href=\"https:\/\/beneluxtimes.com\/nl\/terramaster-oktober-prime-day-2025-sale-bis-zu-30-rabatt-auf-all-flash-speicherlosungen-mehr\/\" title=\"TerraMaster Oktober Prime Day 2025 Sale: Bis zu 30 % Rabatt auf All-Flash-Speicherl\u00f6sungen &#038; mehr!\">\r\n\t\t\t<img loading=\"lazy\" decoding=\"async\" width=\"150\" height=\"150\" src=\"https:\/\/beneluxtimes.com\/wp-content\/uploads\/2025\/10\/TerraMaster-October-Prime-Day-150x150.jpg\" class=\"featured-img wp-post-image\" alt=\"\" loading=\"lazy\" \/>\t\t<\/a>\r\n\t\t\t\t<\/div>\r\n\t<\/div>\r\n\t\t\t\t<div class=\"p-content\">\r\n\t\t\t<h5 class=\"entry-title\">\t\t<a class=\"p-url\" href=\"https:\/\/beneluxtimes.com\/nl\/terramaster-oktober-prime-day-2025-sale-bis-zu-30-rabatt-auf-all-flash-speicherlosungen-mehr\/\" rel=\"bookmark\">TerraMaster Oktober Prime Day 2025 Sale: Bis zu 30 % Rabatt auf All-Flash-Speicherl\u00f6sungen &#038; mehr!<\/a><\/h5>\t\t\t<div class=\"p-meta\">\r\n\t\t\t\t<div class=\"meta-inner is-meta\">\r\n\t\t\t\t\t<span class=\"meta-el meta-update\">\r\n\t\t<i class=\"rbi rbi-time\" aria-hidden=\"true\"><\/i>\t\t<time class=\"updated\" datetime=\"2025-10-06T06:05:04+00:00\">6 oktober 2025<\/time>\r\n\t\t<\/span>\r\n\t\t\t\t\t\t<\/div>\r\n\t\t\t\t\t\t\t<\/div>\r\n\t\t\t\t<\/div>\r\n\t\t\t\t<\/div>\r\n\t\t\t<div class=\"p-wrap p-small p-list-small-2\" data-pid=\"11143\">\r\n\t\t\t\t<div class=\"feat-holder\">\t\t<div class=\"p-featured ratio-v1\">\r\n\t\t\t\t\t<a class=\"p-flink\" href=\"https:\/\/beneluxtimes.com\/nl\/terramaster-startet-den-f4-425-nas-mit-vier-einschuben-eroffnet-ein-neues-kapitel-in-der-leistung-von-heim-speicherlosungen-mit-intel-x86\/\" title=\"TerraMaster startet den F4-425 NAS mit vier Einsch\u00fcben: Er\u00f6ffnet ein neues Kapitel in der Leistung von Heim-Speicherl\u00f6sungen mit Intel x86\">\r\n\t\t\t<img loading=\"lazy\" decoding=\"async\" width=\"150\" height=\"150\" src=\"https:\/\/beneluxtimes.com\/wp-content\/uploads\/2025\/09\/TerraMaster-F4-425-Your-Home-4-Bay-NAS-150x150.jpg\" class=\"featured-img wp-post-image\" alt=\"\" loading=\"lazy\" \/>\t\t<\/a>\r\n\t\t\t\t<\/div>\r\n\t<\/div>\r\n\t\t\t\t<div class=\"p-content\">\r\n\t\t\t<h5 class=\"entry-title\">\t\t<a class=\"p-url\" href=\"https:\/\/beneluxtimes.com\/nl\/terramaster-startet-den-f4-425-nas-mit-vier-einschuben-eroffnet-ein-neues-kapitel-in-der-leistung-von-heim-speicherlosungen-mit-intel-x86\/\" rel=\"bookmark\">TerraMaster startet den F4-425 NAS mit vier Einsch\u00fcben: Er\u00f6ffnet ein neues Kapitel in der Leistung von Heim-Speicherl\u00f6sungen mit Intel x86<\/a><\/h5>\t\t\t<div class=\"p-meta\">\r\n\t\t\t\t<div class=\"meta-inner is-meta\">\r\n\t\t\t\t\t<span class=\"meta-el meta-update\">\r\n\t\t<i class=\"rbi rbi-time\" aria-hidden=\"true\"><\/i>\t\t<time class=\"updated\" datetime=\"2025-09-16T19:00:15+00:00\">16 september 2025<\/time>\r\n\t\t<\/span>\r\n\t\t\t\t\t\t<\/div>\r\n\t\t\t\t\t\t\t<\/div>\r\n\t\t\t\t<\/div>\r\n\t\t\t\t<\/div>\r\n\t\t\t<div class=\"p-wrap p-small p-list-small-2\" data-pid=\"11120\">\r\n\t\t\t\t<div class=\"feat-holder\">\t\t<div class=\"p-featured ratio-v1\">\r\n\t\t\t\t\t<a class=\"p-flink\" href=\"https:\/\/beneluxtimes.com\/nl\/terramaster-fuhrt-f2-425-2-bay-nas-ein-intel-x86-leistungsbenchmark\/\" title=\"TerraMaster f\u00fchrt F2-425 2-Bay NAS ein: Intel x86 Leistungsbenchmark\">\r\n\t\t\t<img loading=\"lazy\" decoding=\"async\" width=\"150\" height=\"150\" src=\"https:\/\/beneluxtimes.com\/wp-content\/uploads\/2025\/08\/TerraMaster-F2-425-150x150.jpg\" class=\"featured-img wp-post-image\" alt=\"\" loading=\"lazy\" \/>\t\t<\/a>\r\n\t\t\t\t<\/div>\r\n\t<\/div>\r\n\t\t\t\t<div class=\"p-content\">\r\n\t\t\t<h5 class=\"entry-title\">\t\t<a class=\"p-url\" href=\"https:\/\/beneluxtimes.com\/nl\/terramaster-fuhrt-f2-425-2-bay-nas-ein-intel-x86-leistungsbenchmark\/\" rel=\"bookmark\">TerraMaster f\u00fchrt F2-425 2-Bay NAS ein: Intel x86 Leistungsbenchmark<\/a><\/h5>\t\t\t<div class=\"p-meta\">\r\n\t\t\t\t<div class=\"meta-inner is-meta\">\r\n\t\t\t\t\t<span class=\"meta-el meta-update\">\r\n\t\t<i class=\"rbi rbi-time\" aria-hidden=\"true\"><\/i>\t\t<time class=\"updated\" datetime=\"2025-08-12T15:05:10+00:00\">12 augustus 2025<\/time>\r\n\t\t<\/span>\r\n\t\t\t\t\t\t<\/div>\r\n\t\t\t\t\t\t\t<\/div>\r\n\t\t\t\t<\/div>\r\n\t\t\t\t<\/div>\r\n\t\t\t<div class=\"p-wrap p-small p-list-small-2\" data-pid=\"11042\">\r\n\t\t\t\t<div class=\"feat-holder\">\t\t<div class=\"p-featured ratio-v1\">\r\n\t\t\t\t\t<a class=\"p-flink\" href=\"https:\/\/beneluxtimes.com\/nl\/amazon-prime-day-2025-terramaster-bietet-bis-zu-25-rabatt-auf-verschiedene-speicherlosungen\/\" title=\"Amazon Prime Day 2025: TerraMaster bietet bis zu 25% Rabatt auf verschiedene Speicherl\u00f6sungen\">\r\n\t\t\t<img loading=\"lazy\" decoding=\"async\" width=\"150\" height=\"150\" src=\"https:\/\/beneluxtimes.com\/wp-content\/uploads\/2025\/07\/TerraMaster-Prime-Day--150x150.jpg\" class=\"featured-img wp-post-image\" alt=\"\" loading=\"lazy\" \/>\t\t<\/a>\r\n\t\t\t\t<\/div>\r\n\t<\/div>\r\n\t\t\t\t<div class=\"p-content\">\r\n\t\t\t<h5 class=\"entry-title\">\t\t<a class=\"p-url\" href=\"https:\/\/beneluxtimes.com\/nl\/amazon-prime-day-2025-terramaster-bietet-bis-zu-25-rabatt-auf-verschiedene-speicherlosungen\/\" rel=\"bookmark\">Amazon Prime Day 2025: TerraMaster bietet bis zu 25% Rabatt auf verschiedene Speicherl\u00f6sungen<\/a><\/h5>\t\t\t<div class=\"p-meta\">\r\n\t\t\t\t<div class=\"meta-inner is-meta\">\r\n\t\t\t\t\t<span class=\"meta-el meta-update\">\r\n\t\t<i class=\"rbi rbi-time\" aria-hidden=\"true\"><\/i>\t\t<time class=\"updated\" datetime=\"2025-07-08T13:05:03+00:00\">8 juli 2025<\/time>\r\n\t\t<\/span>\r\n\t\t\t\t\t\t<\/div>\r\n\t\t\t\t\t\t\t<\/div>\r\n\t\t\t\t<\/div>\r\n\t\t\t\t<\/div>\r\n\t\t\t<div class=\"p-wrap p-small p-list-small-2\" data-pid=\"10639\">\r\n\t\t\t\t<div class=\"feat-holder\">\t\t<div class=\"p-featured ratio-v1\">\r\n\t\t\t\t\t<a class=\"p-flink\" href=\"https:\/\/beneluxtimes.com\/nl\/sugardaddymeet-startet-offiziell-in-deutschland-die-groste-plattform-fur-diskretes-und-luxurioses-dating-2\/\" title=\"SugarDaddyMeet startet offiziell in Deutschland: Die gr\u00f6\u00dfte Plattform f\u00fcr diskretes und luxuri\u00f6ses Dating\">\r\n\t\t\t<img loading=\"lazy\" decoding=\"async\" width=\"150\" height=\"150\" src=\"https:\/\/beneluxtimes.com\/wp-content\/uploads\/2025\/05\/Screenshot89-150x150.png\" class=\"featured-img wp-post-image\" alt=\"\" loading=\"lazy\" \/>\t\t<\/a>\r\n\t\t\t\t<\/div>\r\n\t<\/div>\r\n\t\t\t\t<div class=\"p-content\">\r\n\t\t\t<h5 class=\"entry-title\">\t\t<a class=\"p-url\" href=\"https:\/\/beneluxtimes.com\/nl\/sugardaddymeet-startet-offiziell-in-deutschland-die-groste-plattform-fur-diskretes-und-luxurioses-dating-2\/\" rel=\"bookmark\">SugarDaddyMeet startet offiziell in Deutschland: Die gr\u00f6\u00dfte Plattform f\u00fcr diskretes und luxuri\u00f6ses Dating<\/a><\/h5>\t\t\t<div class=\"p-meta\">\r\n\t\t\t\t<div class=\"meta-inner is-meta\">\r\n\t\t\t\t\t<span class=\"meta-el meta-update\">\r\n\t\t<i class=\"rbi rbi-time\" aria-hidden=\"true\"><\/i>\t\t<time class=\"updated\" datetime=\"2025-06-16T07:00:11+00:00\">16 juni 2025<\/time>\r\n\t\t<\/span>\r\n\t\t\t\t\t\t<\/div>\r\n\t\t\t\t\t\t\t<\/div>\r\n\t\t\t\t<\/div>\r\n\t\t\t\t<\/div>\r\n\t<\/div><\/div>\t\t\t\t<\/div>\n\t\t\t\t<\/div>\n\t\t\t\t<\/div>\n\t\t\t\t\t<\/div>\n\t\t\t\t<\/div>\n\t\t\t\t<\/div>\n\t\t","protected":false},"excerpt":{"rendered":"<p>Contacteer Ons De Benelux Times\u2122 kijkt ernaar uit van u te horen. Als u vragen heeft over ons of als u persberichtverspreiding naar media in Belgi\u00eb, Nederland, Luxemburg of Europa nodig heeft, neem dan contact met ons op via deze berichtenapps: WhatsApp, Skype of Telegram. Laatste nieuws Belgische Swimtraxx-technologie verovert internationale zwemwereld June 10, 2024 [&hellip;]<\/p>\n","protected":false},"author":1,"featured_media":0,"parent":0,"menu_order":0,"comment_status":"closed","ping_status":"closed","template":"","meta":{"footnotes":""},"class_list":["post-4370","page","type-page","status-publish"],"_links":{"self":[{"href":"https:\/\/beneluxtimes.com\/nl\/wp-json\/wp\/v2\/pages\/4370","targetHints":{"allow":["GET"]}}],"collection":[{"href":"https:\/\/beneluxtimes.com\/nl\/wp-json\/wp\/v2\/pages"}],"about":[{"href":"https:\/\/beneluxtimes.com\/nl\/wp-json\/wp\/v2\/types\/page"}],"author":[{"embeddable":true,"href":"https:\/\/beneluxtimes.com\/nl\/wp-json\/wp\/v2\/users\/1"}],"replies":[{"embeddable":true,"href":"https:\/\/beneluxtimes.com\/nl\/wp-json\/wp\/v2\/comments?post=4370"}],"version-history":[{"count":5,"href":"https:\/\/beneluxtimes.com\/nl\/wp-json\/wp\/v2\/pages\/4370\/revisions"}],"predecessor-version":[{"id":4382,"href":"https:\/\/beneluxtimes.com\/nl\/wp-json\/wp\/v2\/pages\/4370\/revisions\/4382"}],"wp:attachment":[{"href":"https:\/\/beneluxtimes.com\/nl\/wp-json\/wp\/v2\/media?parent=4370"}],"curies":[{"name":"wp","href":"https:\/\/api.w.org\/{rel}","templated":true}]}}