{"id":4337,"date":"2024-06-10T08:01:48","date_gmt":"2024-06-10T08:01:48","guid":{"rendered":"https:\/\/beneluxtimes.com\/?page_id=4337"},"modified":"2024-06-11T09:38:23","modified_gmt":"2024-06-11T09:38:23","slug":"over-ons","status":"publish","type":"page","link":"https:\/\/beneluxtimes.com\/nl\/over-ons\/","title":{"rendered":"Over ons"},"content":{"rendered":"\t\t<div data-elementor-type=\"wp-page\" data-elementor-id=\"4337\" class=\"elementor elementor-4337 elementor-2\">\n\t\t\t\t<div class=\"elementor-element elementor-element-78390f4 e-flex e-con-boxed e-con e-parent\" data-id=\"78390f4\" data-element_type=\"container\" data-e-type=\"container\">\n\t\t\t\t\t<div class=\"e-con-inner\">\n\t\t<div class=\"elementor-element elementor-element-74b22fb8 e-con-full e-flex e-con e-child\" data-id=\"74b22fb8\" data-element_type=\"container\" data-e-type=\"container\">\n\t\t\t\t<div class=\"elementor-element elementor-element-4b0d83af elementor-widget elementor-widget-text-editor\" data-id=\"4b0d83af\" data-element_type=\"widget\" data-e-type=\"widget\" data-widget_type=\"text-editor.default\">\n\t\t\t\t<div class=\"elementor-widget-container\">\n\t\t\t\t\t\t\t\t\t<h2>Over Benelux Times\u2122<\/h2><p>De Benelux Times\u2122 verzamelt en publiceert sociaaleconomisch nieuws voor consumptie in Belgi\u00eb, Nederland, Luxemburg en in Europa en over de hele wereld. In samenwerking met EuropeNewswire.Net publiceert Benelux Times ook persberichten aan media-outlets in de lidstaten.<\/p><h2>De Benelux Unie: Bevordering van Integratie en Samenwerking in Europa<\/h2><p>De Benelux Unie, een intergouvernementele samenwerking tussen Belgi\u00eb, Nederland en Luxemburg, is een bewijs van de kracht van regionale eenheid en economische samenwerking. EuropeNewswire.Net\u2122 onderzoekt het veelzijdige doel van de Benelux Unie en verkent de historische context.<\/p><h2><a href=\"https:\/\/beneluxtimes.com\/nl\/europenewswire-net-the-benelux-union-fostering-integration-and-cooperation-in-europe\/\">EuropeNewswire.Net\u2122 De Benelux Unie: Bevordering van Integratie en Samenwerking in Europa<\/a><\/h2><p>DUITSLAND \u2013 (EuropeNewswire.Net) \u2014 De Benelux Unie, een intergouvernementele samenwerking tussen Belgi\u00eb, Nederland en Luxemburg, is een bewijs van de kracht van regionale eenheid en economische samenwerking. EuropeNewswire.Net\u2122 onderzoekt het veelzijdige doel van de Benelux Unie, verkent de historische context, doelstellingen en impact op de lidstaten en het bredere Europese canvas&#8230;<a href=\"https:\/\/beneluxtimes.com\/nl\/europenewswire-net-the-benelux-union-fostering-integration-and-cooperation-in-europe\/\">Lees Meer<\/a><\/p>\t\t\t\t\t\t\t\t<\/div>\n\t\t\t\t<\/div>\n\t\t\t\t<\/div>\n\t\t<div class=\"elementor-element elementor-element-63ce90e6 e-con-full rb-sticky e-flex e-con e-child\" data-id=\"63ce90e6\" data-element_type=\"container\" data-e-type=\"container\">\n\t\t\t\t<div class=\"elementor-element elementor-element-1b2b2dc0 elementor-widget elementor-widget-foxiz-heading\" data-id=\"1b2b2dc0\" data-element_type=\"widget\" data-e-type=\"widget\" data-widget_type=\"foxiz-heading.default\">\n\t\t\t\t<div class=\"elementor-widget-container\">\n\t\t\t\t\t<div id=\"uid_1b2b2dc0\" class=\"block-h heading-layout-2\"><div class=\"heading-inner\"><h2 class=\"heading-title\"><span>Laatste nieuws<\/span><\/h2><\/div><\/div>\t\t\t\t<\/div>\n\t\t\t\t<\/div>\n\t\t\t\t<div class=\"elementor-element elementor-element-62575046 elementor-widget elementor-widget-foxiz-list-small-2\" data-id=\"62575046\" data-element_type=\"widget\" data-e-type=\"widget\" data-widget_type=\"foxiz-list-small-2.default\">\n\t\t\t\t<div class=\"elementor-widget-container\">\n\t\t\t\t\t<div id=\"uid_62575046\" class=\"block-wrap block-small block-list block-list-small-2 rb-columns rb-col-1 is-feat-left meta-s-default\"><div class=\"block-inner\">\t\t<div class=\"p-wrap p-small p-list-small-2\" data-pid=\"11164\">\r\n\t\t\t\t<div class=\"feat-holder\">\t\t<div class=\"p-featured ratio-v1\">\r\n\t\t\t\t\t<a class=\"p-flink\" href=\"https:\/\/beneluxtimes.com\/nl\/terramaster-oktober-prime-day-2025-sale-bis-zu-30-rabatt-auf-all-flash-speicherlosungen-mehr\/\" title=\"TerraMaster Oktober Prime Day 2025 Sale: Bis zu 30 % Rabatt auf All-Flash-Speicherl\u00f6sungen &#038; mehr!\">\r\n\t\t\t<img loading=\"lazy\" decoding=\"async\" width=\"150\" height=\"150\" src=\"https:\/\/beneluxtimes.com\/wp-content\/uploads\/2025\/10\/TerraMaster-October-Prime-Day-150x150.jpg\" class=\"featured-img wp-post-image\" alt=\"\" loading=\"lazy\" \/>\t\t<\/a>\r\n\t\t\t\t<\/div>\r\n\t<\/div>\r\n\t\t\t\t<div class=\"p-content\">\r\n\t\t\t<h5 class=\"entry-title\">\t\t<a class=\"p-url\" href=\"https:\/\/beneluxtimes.com\/nl\/terramaster-oktober-prime-day-2025-sale-bis-zu-30-rabatt-auf-all-flash-speicherlosungen-mehr\/\" rel=\"bookmark\">TerraMaster Oktober Prime Day 2025 Sale: Bis zu 30 % Rabatt auf All-Flash-Speicherl\u00f6sungen &#038; mehr!<\/a><\/h5>\t\t\t<div class=\"p-meta\">\r\n\t\t\t\t<div class=\"meta-inner is-meta\">\r\n\t\t\t\t\t<span class=\"meta-el meta-update\">\r\n\t\t<i class=\"rbi rbi-time\" aria-hidden=\"true\"><\/i>\t\t<time class=\"updated\" datetime=\"2025-10-06T06:05:04+00:00\">6 oktober 2025<\/time>\r\n\t\t<\/span>\r\n\t\t\t\t\t\t<\/div>\r\n\t\t\t\t\t\t\t<\/div>\r\n\t\t\t\t<\/div>\r\n\t\t\t\t<\/div>\r\n\t\t\t<div class=\"p-wrap p-small p-list-small-2\" data-pid=\"11143\">\r\n\t\t\t\t<div class=\"feat-holder\">\t\t<div class=\"p-featured ratio-v1\">\r\n\t\t\t\t\t<a class=\"p-flink\" href=\"https:\/\/beneluxtimes.com\/nl\/terramaster-startet-den-f4-425-nas-mit-vier-einschuben-eroffnet-ein-neues-kapitel-in-der-leistung-von-heim-speicherlosungen-mit-intel-x86\/\" title=\"TerraMaster startet den F4-425 NAS mit vier Einsch\u00fcben: Er\u00f6ffnet ein neues Kapitel in der Leistung von Heim-Speicherl\u00f6sungen mit Intel x86\">\r\n\t\t\t<img loading=\"lazy\" decoding=\"async\" width=\"150\" height=\"150\" src=\"https:\/\/beneluxtimes.com\/wp-content\/uploads\/2025\/09\/TerraMaster-F4-425-Your-Home-4-Bay-NAS-150x150.jpg\" class=\"featured-img wp-post-image\" alt=\"\" loading=\"lazy\" \/>\t\t<\/a>\r\n\t\t\t\t<\/div>\r\n\t<\/div>\r\n\t\t\t\t<div class=\"p-content\">\r\n\t\t\t<h5 class=\"entry-title\">\t\t<a class=\"p-url\" href=\"https:\/\/beneluxtimes.com\/nl\/terramaster-startet-den-f4-425-nas-mit-vier-einschuben-eroffnet-ein-neues-kapitel-in-der-leistung-von-heim-speicherlosungen-mit-intel-x86\/\" rel=\"bookmark\">TerraMaster startet den F4-425 NAS mit vier Einsch\u00fcben: Er\u00f6ffnet ein neues Kapitel in der Leistung von Heim-Speicherl\u00f6sungen mit Intel x86<\/a><\/h5>\t\t\t<div class=\"p-meta\">\r\n\t\t\t\t<div class=\"meta-inner is-meta\">\r\n\t\t\t\t\t<span class=\"meta-el meta-update\">\r\n\t\t<i class=\"rbi rbi-time\" aria-hidden=\"true\"><\/i>\t\t<time class=\"updated\" datetime=\"2025-09-16T19:00:15+00:00\">16 september 2025<\/time>\r\n\t\t<\/span>\r\n\t\t\t\t\t\t<\/div>\r\n\t\t\t\t\t\t\t<\/div>\r\n\t\t\t\t<\/div>\r\n\t\t\t\t<\/div>\r\n\t\t\t<div class=\"p-wrap p-small p-list-small-2\" data-pid=\"11120\">\r\n\t\t\t\t<div class=\"feat-holder\">\t\t<div class=\"p-featured ratio-v1\">\r\n\t\t\t\t\t<a class=\"p-flink\" href=\"https:\/\/beneluxtimes.com\/nl\/terramaster-fuhrt-f2-425-2-bay-nas-ein-intel-x86-leistungsbenchmark\/\" title=\"TerraMaster f\u00fchrt F2-425 2-Bay NAS ein: Intel x86 Leistungsbenchmark\">\r\n\t\t\t<img loading=\"lazy\" decoding=\"async\" width=\"150\" height=\"150\" src=\"https:\/\/beneluxtimes.com\/wp-content\/uploads\/2025\/08\/TerraMaster-F2-425-150x150.jpg\" class=\"featured-img wp-post-image\" alt=\"\" loading=\"lazy\" \/>\t\t<\/a>\r\n\t\t\t\t<\/div>\r\n\t<\/div>\r\n\t\t\t\t<div class=\"p-content\">\r\n\t\t\t<h5 class=\"entry-title\">\t\t<a class=\"p-url\" href=\"https:\/\/beneluxtimes.com\/nl\/terramaster-fuhrt-f2-425-2-bay-nas-ein-intel-x86-leistungsbenchmark\/\" rel=\"bookmark\">TerraMaster f\u00fchrt F2-425 2-Bay NAS ein: Intel x86 Leistungsbenchmark<\/a><\/h5>\t\t\t<div class=\"p-meta\">\r\n\t\t\t\t<div class=\"meta-inner is-meta\">\r\n\t\t\t\t\t<span class=\"meta-el meta-update\">\r\n\t\t<i class=\"rbi rbi-time\" aria-hidden=\"true\"><\/i>\t\t<time class=\"updated\" datetime=\"2025-08-12T15:05:10+00:00\">12 augustus 2025<\/time>\r\n\t\t<\/span>\r\n\t\t\t\t\t\t<\/div>\r\n\t\t\t\t\t\t\t<\/div>\r\n\t\t\t\t<\/div>\r\n\t\t\t\t<\/div>\r\n\t\t\t<div class=\"p-wrap p-small p-list-small-2\" data-pid=\"11042\">\r\n\t\t\t\t<div class=\"feat-holder\">\t\t<div class=\"p-featured ratio-v1\">\r\n\t\t\t\t\t<a class=\"p-flink\" href=\"https:\/\/beneluxtimes.com\/nl\/amazon-prime-day-2025-terramaster-bietet-bis-zu-25-rabatt-auf-verschiedene-speicherlosungen\/\" title=\"Amazon Prime Day 2025: TerraMaster bietet bis zu 25% Rabatt auf verschiedene Speicherl\u00f6sungen\">\r\n\t\t\t<img loading=\"lazy\" decoding=\"async\" width=\"150\" height=\"150\" src=\"https:\/\/beneluxtimes.com\/wp-content\/uploads\/2025\/07\/TerraMaster-Prime-Day--150x150.jpg\" class=\"featured-img wp-post-image\" alt=\"\" loading=\"lazy\" \/>\t\t<\/a>\r\n\t\t\t\t<\/div>\r\n\t<\/div>\r\n\t\t\t\t<div class=\"p-content\">\r\n\t\t\t<h5 class=\"entry-title\">\t\t<a class=\"p-url\" href=\"https:\/\/beneluxtimes.com\/nl\/amazon-prime-day-2025-terramaster-bietet-bis-zu-25-rabatt-auf-verschiedene-speicherlosungen\/\" rel=\"bookmark\">Amazon Prime Day 2025: TerraMaster bietet bis zu 25% Rabatt auf verschiedene Speicherl\u00f6sungen<\/a><\/h5>\t\t\t<div class=\"p-meta\">\r\n\t\t\t\t<div class=\"meta-inner is-meta\">\r\n\t\t\t\t\t<span class=\"meta-el meta-update\">\r\n\t\t<i class=\"rbi rbi-time\" aria-hidden=\"true\"><\/i>\t\t<time class=\"updated\" datetime=\"2025-07-08T13:05:03+00:00\">8 juli 2025<\/time>\r\n\t\t<\/span>\r\n\t\t\t\t\t\t<\/div>\r\n\t\t\t\t\t\t\t<\/div>\r\n\t\t\t\t<\/div>\r\n\t\t\t\t<\/div>\r\n\t\t\t<div class=\"p-wrap p-small p-list-small-2\" data-pid=\"10639\">\r\n\t\t\t\t<div class=\"feat-holder\">\t\t<div class=\"p-featured ratio-v1\">\r\n\t\t\t\t\t<a class=\"p-flink\" href=\"https:\/\/beneluxtimes.com\/nl\/sugardaddymeet-startet-offiziell-in-deutschland-die-groste-plattform-fur-diskretes-und-luxurioses-dating-2\/\" title=\"SugarDaddyMeet startet offiziell in Deutschland: Die gr\u00f6\u00dfte Plattform f\u00fcr diskretes und luxuri\u00f6ses Dating\">\r\n\t\t\t<img loading=\"lazy\" decoding=\"async\" width=\"150\" height=\"150\" src=\"https:\/\/beneluxtimes.com\/wp-content\/uploads\/2025\/05\/Screenshot89-150x150.png\" class=\"featured-img wp-post-image\" alt=\"\" loading=\"lazy\" \/>\t\t<\/a>\r\n\t\t\t\t<\/div>\r\n\t<\/div>\r\n\t\t\t\t<div class=\"p-content\">\r\n\t\t\t<h5 class=\"entry-title\">\t\t<a class=\"p-url\" href=\"https:\/\/beneluxtimes.com\/nl\/sugardaddymeet-startet-offiziell-in-deutschland-die-groste-plattform-fur-diskretes-und-luxurioses-dating-2\/\" rel=\"bookmark\">SugarDaddyMeet startet offiziell in Deutschland: Die gr\u00f6\u00dfte Plattform f\u00fcr diskretes und luxuri\u00f6ses Dating<\/a><\/h5>\t\t\t<div class=\"p-meta\">\r\n\t\t\t\t<div class=\"meta-inner is-meta\">\r\n\t\t\t\t\t<span class=\"meta-el meta-update\">\r\n\t\t<i class=\"rbi rbi-time\" aria-hidden=\"true\"><\/i>\t\t<time class=\"updated\" datetime=\"2025-06-16T07:00:11+00:00\">16 juni 2025<\/time>\r\n\t\t<\/span>\r\n\t\t\t\t\t\t<\/div>\r\n\t\t\t\t\t\t\t<\/div>\r\n\t\t\t\t<\/div>\r\n\t\t\t\t<\/div>\r\n\t<\/div><\/div>\t\t\t\t<\/div>\n\t\t\t\t<\/div>\n\t\t\t\t<\/div>\n\t\t\t\t\t<\/div>\n\t\t\t\t<\/div>\n\t\t\t\t<\/div>\n\t\t","protected":false},"excerpt":{"rendered":"<p>Over Benelux Times\u2122 De Benelux Times\u2122 verzamelt en publiceert sociaaleconomisch nieuws voor consumptie in Belgi\u00eb, Nederland, Luxemburg en in Europa en over de hele wereld. In samenwerking met EuropeNewswire.Net publiceert Benelux Times ook persberichten aan media-outlets in de lidstaten. De Benelux Unie: Bevordering van Integratie en Samenwerking in Europa De Benelux Unie, een intergouvernementele samenwerking [&hellip;]<\/p>\n","protected":false},"author":1,"featured_media":0,"parent":0,"menu_order":0,"comment_status":"closed","ping_status":"closed","template":"","meta":{"footnotes":""},"class_list":["post-4337","page","type-page","status-publish"],"_links":{"self":[{"href":"https:\/\/beneluxtimes.com\/nl\/wp-json\/wp\/v2\/pages\/4337","targetHints":{"allow":["GET"]}}],"collection":[{"href":"https:\/\/beneluxtimes.com\/nl\/wp-json\/wp\/v2\/pages"}],"about":[{"href":"https:\/\/beneluxtimes.com\/nl\/wp-json\/wp\/v2\/types\/page"}],"author":[{"embeddable":true,"href":"https:\/\/beneluxtimes.com\/nl\/wp-json\/wp\/v2\/users\/1"}],"replies":[{"embeddable":true,"href":"https:\/\/beneluxtimes.com\/nl\/wp-json\/wp\/v2\/comments?post=4337"}],"version-history":[{"count":9,"href":"https:\/\/beneluxtimes.com\/nl\/wp-json\/wp\/v2\/pages\/4337\/revisions"}],"predecessor-version":[{"id":4346,"href":"https:\/\/beneluxtimes.com\/nl\/wp-json\/wp\/v2\/pages\/4337\/revisions\/4346"}],"wp:attachment":[{"href":"https:\/\/beneluxtimes.com\/nl\/wp-json\/wp\/v2\/media?parent=4337"}],"curies":[{"name":"wp","href":"https:\/\/api.w.org\/{rel}","templated":true}]}}