{"id":4395,"date":"2024-06-10T09:47:40","date_gmt":"2024-06-10T09:47:40","guid":{"rendered":"https:\/\/beneluxtimes.com\/soumettre-une-nouvelle\/"},"modified":"2024-06-11T15:50:23","modified_gmt":"2024-06-11T15:50:23","slug":"soumettre-une-nouvelle","status":"publish","type":"page","link":"https:\/\/beneluxtimes.com\/fr\/soumettre-une-nouvelle\/","title":{"rendered":"Soumettre une nouvelle"},"content":{"rendered":"\t\t<div data-elementor-type=\"wp-page\" data-elementor-id=\"4395\" class=\"elementor elementor-4395 elementor-2636\">\n\t\t\t\t<div class=\"elementor-element elementor-element-349d8d4f e-flex e-con-boxed e-con e-parent\" data-id=\"349d8d4f\" data-element_type=\"container\" data-e-type=\"container\">\n\t\t\t\t\t<div class=\"e-con-inner\">\n\t\t<div class=\"elementor-element elementor-element-3a7af8b4 e-con-full e-flex e-con e-child\" data-id=\"3a7af8b4\" data-element_type=\"container\" data-e-type=\"container\">\n\t\t\t\t<div class=\"elementor-element elementor-element-7a8c70a1 elementor-widget elementor-widget-text-editor\" data-id=\"7a8c70a1\" data-element_type=\"widget\" data-e-type=\"widget\" data-widget_type=\"text-editor.default\">\n\t\t\t\t<div class=\"elementor-widget-container\">\n\t\t\t\t\t\t\t\t\t<h2 style=\"margin-bottom: 25px;\">Soumettre une nouvelle<\/h2><h2 style=\"margin-bottom: 0px;\">Distribution de communiqu\u00e9s de presse aux m\u00e9dias des pays du Benelux : Belgique, Pays-Bas et Luxembourg.<\/h2><p>Soumettez un article ou un communiqu\u00e9 de presse pour diffusion aux m\u00e9dias en Belgique, aux Pays-Bas, au Luxembourg ou en Europe. Ces communiqu\u00e9s de presse sont diffus\u00e9s en fran\u00e7ais, n\u00e9erlandais, allemand ou anglais. Pour plus d&rsquo;informations, contactez-nous via les applications de messagerie suivantes : <a href=\"https:\/\/api.whatsapp.com\/send\/?phone=18327162363&amp;text&amp;app_absent=0\">WhatsApp<\/a>, <a href=\"skype:groupwebmedia?chat\">Skype<\/a> ou <a href=\"https:\/\/t.me\/groupwebmedia\">Telegram<\/a>. Profitez de la pertinence strat\u00e9gique des moyens de distribution des nouveaut\u00e9s dans la r\u00e9gion du Benelux.<\/p><h2><a href=\"https:\/\/beneluxtimes.com\/fr\/importance-strategique-de-la-distribution-des-communiques-de-presse-sur-le-marche-benelux\/\">Importance strat\u00e9gique de la distribution des communiqu\u00e9s de presse sur le march\u00e9 du Benelux<\/a><\/h2><p>BELGIQUE &#8211;<a href=\"https:\/\/europenewswire.net\/\">(EuropeNewswire.Net<\/a>) &#8211; \u00c0 l&rsquo;\u00e8re des m\u00e9dias num\u00e9riques, le communiqu\u00e9 de presse traditionnel reste une pierre angulaire des strat\u00e9gies de communication des entreprises. C&rsquo;est particuli\u00e8rement vrai pour les entreprises qui visent le march\u00e9 du Benelux, une r\u00e9gion qui comprend la Belgique, les Pays-Bas et le Luxembourg. Nous examinons ici les raisons pour lesquelles la <a href=\"https:\/\/europenewswire.net\/news\/press-release-distribution-services\/\">distribution de communiqu\u00e9s de presse<\/a> est un outil essentiel pour les entreprises qui cherchent \u00e0 \u00e9tablir et \u00e0 d\u00e9velopper leur pr\u00e9sence sur ce march\u00e9 europ\u00e9en unique..<a href=\"https:\/\/beneluxtimes.com\/fr\/importance-strategique-de-la-distribution-des-communiques-de-presse-sur-le-marche-benelux\/\">.Lire la suite<\/a><\/p>\t\t\t\t\t\t\t\t<\/div>\n\t\t\t\t<\/div>\n\t\t\t\t<\/div>\n\t\t<div class=\"elementor-element elementor-element-2880619 e-con-full rb-sticky e-flex e-con e-child\" data-id=\"2880619\" data-element_type=\"container\" data-e-type=\"container\">\n\t\t\t\t<div class=\"elementor-element elementor-element-7d2e2a28 elementor-widget elementor-widget-foxiz-heading\" data-id=\"7d2e2a28\" data-element_type=\"widget\" data-e-type=\"widget\" data-widget_type=\"foxiz-heading.default\">\n\t\t\t\t<div class=\"elementor-widget-container\">\n\t\t\t\t\t<div id=\"uid_7d2e2a28\" class=\"block-h heading-layout-2\"><div class=\"heading-inner\"><h2 class=\"heading-title\"><span>Derni\u00e8res nouvelles<\/span><\/h2><\/div><\/div>\t\t\t\t<\/div>\n\t\t\t\t<\/div>\n\t\t\t\t<div class=\"elementor-element elementor-element-1fabbdbf elementor-widget elementor-widget-foxiz-list-small-2\" data-id=\"1fabbdbf\" data-element_type=\"widget\" data-e-type=\"widget\" data-widget_type=\"foxiz-list-small-2.default\">\n\t\t\t\t<div class=\"elementor-widget-container\">\n\t\t\t\t\t<div id=\"uid_1fabbdbf\" class=\"block-wrap block-small block-list block-list-small-2 rb-columns rb-col-1 is-feat-left meta-s-default\"><div class=\"block-inner\">\t\t<div class=\"p-wrap p-small p-list-small-2\" data-pid=\"12431\">\r\n\t\t\t\t<div class=\"feat-holder\">\t\t<div class=\"p-featured ratio-v1\">\r\n\t\t\t\t\t<a class=\"p-flink\" href=\"https:\/\/beneluxtimes.com\/fr\/le-catalyseur-de-linnovation-comment-la-distribution-de-communiques-de-presse-stimule-la-croissance-dans-la-region-dach\/\" title=\"Le catalyseur de l\u2019innovation : comment la distribution de communiqu\u00e9s de presse stimule la croissance dans la r\u00e9gion DACH\">\r\n\t\t\t<img loading=\"lazy\" decoding=\"async\" width=\"150\" height=\"150\" src=\"https:\/\/beneluxtimes.com\/wp-content\/uploads\/2026\/04\/The-Catalyst-of-Innovation-How-Press-Release-Distribution-Fuels-Growth-in-the-DACH-Region-150x150.jpeg\" class=\"featured-img wp-post-image\" alt=\"\" loading=\"lazy\" \/>\t\t<\/a>\r\n\t\t\t\t<\/div>\r\n\t<\/div>\r\n\t\t\t\t<div class=\"p-content\">\r\n\t\t\t<h5 class=\"entry-title\">\t\t<a class=\"p-url\" href=\"https:\/\/beneluxtimes.com\/fr\/le-catalyseur-de-linnovation-comment-la-distribution-de-communiques-de-presse-stimule-la-croissance-dans-la-region-dach\/\" rel=\"bookmark\">Le catalyseur de l\u2019innovation : comment la distribution de communiqu\u00e9s de presse stimule la croissance dans la r\u00e9gion DACH<\/a><\/h5>\t\t\t<div class=\"p-meta\">\r\n\t\t\t\t<div class=\"meta-inner is-meta\">\r\n\t\t\t\t\t<span class=\"meta-el meta-update\">\r\n\t\t<i class=\"rbi rbi-time\" aria-hidden=\"true\"><\/i>\t\t<time class=\"updated\" datetime=\"2026-04-14T17:35:00+00:00\">14 avril 2026<\/time>\r\n\t\t<\/span>\r\n\t\t\t\t\t\t<\/div>\r\n\t\t\t\t\t\t\t<\/div>\r\n\t\t\t\t<\/div>\r\n\t\t\t\t<\/div>\r\n\t\t\t<div class=\"p-wrap p-small p-list-small-2\" data-pid=\"12351\">\r\n\t\t\t\t<div class=\"feat-holder\">\t\t<div class=\"p-featured ratio-v1\">\r\n\t\t\t\t\t<a class=\"p-flink\" href=\"https:\/\/beneluxtimes.com\/fr\/relations-presse-multilingues-dans-la-region-dach-les-avantages-des-communiques-de-presse-localises\/\" title=\"Relations presse multilingues dans la r\u00e9gion DACH\u00a0: les avantages des communiqu\u00e9s de presse localis\u00e9s\">\r\n\t\t\t<img loading=\"lazy\" decoding=\"async\" width=\"150\" height=\"150\" src=\"https:\/\/beneluxtimes.com\/wp-content\/uploads\/2026\/04\/Multilingual-PR-in-the-DACH-Region-Benefits-of-Localized-Press-Releases--150x150.jpeg\" class=\"featured-img wp-post-image\" alt=\"\" loading=\"lazy\" \/>\t\t<\/a>\r\n\t\t\t\t<\/div>\r\n\t<\/div>\r\n\t\t\t\t<div class=\"p-content\">\r\n\t\t\t<h5 class=\"entry-title\">\t\t<a class=\"p-url\" href=\"https:\/\/beneluxtimes.com\/fr\/relations-presse-multilingues-dans-la-region-dach-les-avantages-des-communiques-de-presse-localises\/\" rel=\"bookmark\">Relations presse multilingues dans la r\u00e9gion DACH\u00a0: les avantages des communiqu\u00e9s de presse localis\u00e9s<\/a><\/h5>\t\t\t<div class=\"p-meta\">\r\n\t\t\t\t<div class=\"meta-inner is-meta\">\r\n\t\t\t\t\t<span class=\"meta-el meta-update\">\r\n\t\t<i class=\"rbi rbi-time\" aria-hidden=\"true\"><\/i>\t\t<time class=\"updated\" datetime=\"2026-04-10T08:32:00+00:00\">10 avril 2026<\/time>\r\n\t\t<\/span>\r\n\t\t\t\t\t\t<\/div>\r\n\t\t\t\t\t\t\t<\/div>\r\n\t\t\t\t<\/div>\r\n\t\t\t\t<\/div>\r\n\t\t\t<div class=\"p-wrap p-small p-list-small-2\" data-pid=\"11856\">\r\n\t\t\t\t<div class=\"feat-holder\">\t\t<div class=\"p-featured ratio-v1\">\r\n\t\t\t\t\t<a class=\"p-flink\" href=\"https:\/\/beneluxtimes.com\/fr\/soldes-de-printemps-terramaster-jusqua-30-sur-les-stockages-nas-et-das-la-nouvelle-gamme-phare-egalement-concernee\/\" title=\"Soldes de Printemps TerraMaster : Jusqu\u2019\u00e0 -30% sur les stockages NAS et DAS \u2014 La nouvelle gamme phare \u00e9galement concern\u00e9e !\">\r\n\t\t\t<img loading=\"lazy\" decoding=\"async\" width=\"150\" height=\"150\" src=\"https:\/\/beneluxtimes.com\/wp-content\/uploads\/2026\/03\/Soldes-de-Printemps-TerraMaster-150x150.jpg\" class=\"featured-img wp-post-image\" alt=\"\" loading=\"lazy\" \/>\t\t<\/a>\r\n\t\t\t\t<\/div>\r\n\t<\/div>\r\n\t\t\t\t<div class=\"p-content\">\r\n\t\t\t<h5 class=\"entry-title\">\t\t<a class=\"p-url\" href=\"https:\/\/beneluxtimes.com\/fr\/soldes-de-printemps-terramaster-jusqua-30-sur-les-stockages-nas-et-das-la-nouvelle-gamme-phare-egalement-concernee\/\" rel=\"bookmark\">Soldes de Printemps TerraMaster : Jusqu\u2019\u00e0 -30% sur les stockages NAS et DAS \u2014 La nouvelle gamme phare \u00e9galement concern\u00e9e !<\/a><\/h5>\t\t\t<div class=\"p-meta\">\r\n\t\t\t\t<div class=\"meta-inner is-meta\">\r\n\t\t\t\t\t<span class=\"meta-el meta-update\">\r\n\t\t<i class=\"rbi rbi-time\" aria-hidden=\"true\"><\/i>\t\t<time class=\"updated\" datetime=\"2026-03-10T05:03:00+00:00\">10 mars 2026<\/time>\r\n\t\t<\/span>\r\n\t\t\t\t\t\t<\/div>\r\n\t\t\t\t\t\t\t<\/div>\r\n\t\t\t\t<\/div>\r\n\t\t\t\t<\/div>\r\n\t\t\t<div class=\"p-wrap p-small p-list-small-2\" data-pid=\"11497\">\r\n\t\t\t\t<div class=\"feat-holder\">\t\t<div class=\"p-featured ratio-v1\">\r\n\t\t\t\t\t<a class=\"p-flink\" href=\"https:\/\/beneluxtimes.com\/fr\/lancement-du-terramaster-d1-ssd-pro-un-boitier-thunderbolt-5-80-gbps-atteint-7061-mo-s-avec-un-design-tout-aluminium-sans-ventilateur\/\" title=\"Lancement du TerraMaster D1 SSD Pro : Un bo\u00eetier Thunderbolt 5 80 Gbps atteint 7061 Mo\/s avec un design tout aluminium sans ventilateur\">\r\n\t\t\t<img loading=\"lazy\" decoding=\"async\" width=\"150\" height=\"150\" src=\"https:\/\/beneluxtimes.com\/wp-content\/uploads\/2026\/01\/TerraMaster-D1-SSD-Pro-150x150.jpg\" class=\"featured-img wp-post-image\" alt=\"\" loading=\"lazy\" \/>\t\t<\/a>\r\n\t\t\t\t<\/div>\r\n\t<\/div>\r\n\t\t\t\t<div class=\"p-content\">\r\n\t\t\t<h5 class=\"entry-title\">\t\t<a class=\"p-url\" href=\"https:\/\/beneluxtimes.com\/fr\/lancement-du-terramaster-d1-ssd-pro-un-boitier-thunderbolt-5-80-gbps-atteint-7061-mo-s-avec-un-design-tout-aluminium-sans-ventilateur\/\" rel=\"bookmark\">Lancement du TerraMaster D1 SSD Pro : Un bo\u00eetier Thunderbolt 5 80 Gbps atteint 7061 Mo\/s avec un design tout aluminium sans ventilateur<\/a><\/h5>\t\t\t<div class=\"p-meta\">\r\n\t\t\t\t<div class=\"meta-inner is-meta\">\r\n\t\t\t\t\t<span class=\"meta-el meta-update\">\r\n\t\t<i class=\"rbi rbi-time\" aria-hidden=\"true\"><\/i>\t\t<time class=\"updated\" datetime=\"2026-01-21T16:37:26+00:00\">21 janvier 2026<\/time>\r\n\t\t<\/span>\r\n\t\t\t\t\t\t<\/div>\r\n\t\t\t\t\t\t\t<\/div>\r\n\t\t\t\t<\/div>\r\n\t\t\t\t<\/div>\r\n\t\t\t<div class=\"p-wrap p-small p-list-small-2\" data-pid=\"11494\">\r\n\t\t\t\t<div class=\"feat-holder\">\t\t<div class=\"p-featured ratio-v1\">\r\n\t\t\t\t\t<a class=\"p-flink\" href=\"https:\/\/beneluxtimes.com\/fr\/with-the-attendance-of-turki-alalshikh-and-as-part-of-riyadh-season-the-6th-edition-of-joy-awards-brings-together-and-honors-a-distinguished-lineup-of-global-stars\/\" title=\"With the attendance of Turki Alalshikh and as part of Riyadh Season\u2026 the 6th edition of JOY AWARDS brings together and honors a distinguished lineup of global stars\">\r\n\t\t\t<img loading=\"lazy\" decoding=\"async\" width=\"150\" height=\"150\" src=\"https:\/\/beneluxtimes.com\/wp-content\/uploads\/2026\/01\/JOY-AWARDS-150x150.jpg\" class=\"featured-img wp-post-image\" alt=\"\" loading=\"lazy\" \/>\t\t<\/a>\r\n\t\t\t\t<\/div>\r\n\t<\/div>\r\n\t\t\t\t<div class=\"p-content\">\r\n\t\t\t<h5 class=\"entry-title\">\t\t<a class=\"p-url\" href=\"https:\/\/beneluxtimes.com\/fr\/with-the-attendance-of-turki-alalshikh-and-as-part-of-riyadh-season-the-6th-edition-of-joy-awards-brings-together-and-honors-a-distinguished-lineup-of-global-stars\/\" rel=\"bookmark\">With the attendance of Turki Alalshikh and as part of Riyadh Season\u2026 the 6th edition of JOY AWARDS brings together and honors a distinguished lineup of global stars<\/a><\/h5>\t\t\t<div class=\"p-meta\">\r\n\t\t\t\t<div class=\"meta-inner is-meta\">\r\n\t\t\t\t\t<span class=\"meta-el meta-update\">\r\n\t\t<i class=\"rbi rbi-time\" aria-hidden=\"true\"><\/i>\t\t<time class=\"updated\" datetime=\"2026-01-19T01:48:46+00:00\">19 janvier 2026<\/time>\r\n\t\t<\/span>\r\n\t\t\t\t\t\t<\/div>\r\n\t\t\t\t\t\t\t<\/div>\r\n\t\t\t\t<\/div>\r\n\t\t\t\t<\/div>\r\n\t<\/div><\/div>\t\t\t\t<\/div>\n\t\t\t\t<\/div>\n\t\t\t\t<\/div>\n\t\t\t\t\t<\/div>\n\t\t\t\t<\/div>\n\t\t\t\t<\/div>\n\t\t","protected":false},"excerpt":{"rendered":"<p>Soumettre une nouvelle Distribution de communiqu\u00e9s de presse aux m\u00e9dias des pays du Benelux : Belgique, Pays-Bas et Luxembourg. Soumettez un article ou un communiqu\u00e9 de presse pour diffusion aux m\u00e9dias en Belgique, aux Pays-Bas, au Luxembourg ou en Europe. Ces communiqu\u00e9s de presse sont diffus\u00e9s en fran\u00e7ais, n\u00e9erlandais, allemand ou anglais. Pour plus d&rsquo;informations, [&hellip;]<\/p>\n","protected":false},"author":1,"featured_media":0,"parent":0,"menu_order":0,"comment_status":"closed","ping_status":"closed","template":"","meta":{"footnotes":""},"class_list":["post-4395","page","type-page","status-publish"],"_links":{"self":[{"href":"https:\/\/beneluxtimes.com\/fr\/wp-json\/wp\/v2\/pages\/4395","targetHints":{"allow":["GET"]}}],"collection":[{"href":"https:\/\/beneluxtimes.com\/fr\/wp-json\/wp\/v2\/pages"}],"about":[{"href":"https:\/\/beneluxtimes.com\/fr\/wp-json\/wp\/v2\/types\/page"}],"author":[{"embeddable":true,"href":"https:\/\/beneluxtimes.com\/fr\/wp-json\/wp\/v2\/users\/1"}],"replies":[{"embeddable":true,"href":"https:\/\/beneluxtimes.com\/fr\/wp-json\/wp\/v2\/comments?post=4395"}],"version-history":[{"count":4,"href":"https:\/\/beneluxtimes.com\/fr\/wp-json\/wp\/v2\/pages\/4395\/revisions"}],"predecessor-version":[{"id":4497,"href":"https:\/\/beneluxtimes.com\/fr\/wp-json\/wp\/v2\/pages\/4395\/revisions\/4497"}],"wp:attachment":[{"href":"https:\/\/beneluxtimes.com\/fr\/wp-json\/wp\/v2\/media?parent=4395"}],"curies":[{"name":"wp","href":"https:\/\/api.w.org\/{rel}","templated":true}]}}