{"id":4397,"date":"2024-06-10T09:47:40","date_gmt":"2024-06-10T09:47:40","guid":{"rendered":"https:\/\/beneluxtimes.com\/nachrichten-einreichen\/"},"modified":"2024-06-11T16:03:15","modified_gmt":"2024-06-11T16:03:15","slug":"nachrichten-einreichen","status":"publish","type":"page","link":"https:\/\/beneluxtimes.com\/de\/nachrichten-einreichen\/","title":{"rendered":"Nachrichten einreichen"},"content":{"rendered":"\t\t<div data-elementor-type=\"wp-page\" data-elementor-id=\"4397\" class=\"elementor elementor-4397 elementor-2636\">\n\t\t\t\t<div class=\"elementor-element elementor-element-349d8d4f e-flex e-con-boxed e-con e-parent\" data-id=\"349d8d4f\" data-element_type=\"container\" data-e-type=\"container\">\n\t\t\t\t\t<div class=\"e-con-inner\">\n\t\t<div class=\"elementor-element elementor-element-3a7af8b4 e-con-full e-flex e-con e-child\" data-id=\"3a7af8b4\" data-element_type=\"container\" data-e-type=\"container\">\n\t\t\t\t<div class=\"elementor-element elementor-element-7a8c70a1 elementor-widget elementor-widget-text-editor\" data-id=\"7a8c70a1\" data-element_type=\"widget\" data-e-type=\"widget\" data-widget_type=\"text-editor.default\">\n\t\t\t\t<div class=\"elementor-widget-container\">\n\t\t\t\t\t\t\t\t\t<h2 style=\"margin-bottom: 25px;\">Nachrichten einreichen<\/h2><h2 style=\"margin-bottom: 0px;\">Verteilung von Pressemitteilungen an Medien in den Benelux-L\u00e4ndern: Belgien, die Niederlande und Luxemburg.<\/h2><p>Senden Sie Nachrichtenartikel oder Pressemitteilungen zur Verteilung an Medien in Belgien, den Niederlanden, Luxemburg oder Europa. Diese Pressemitteilungen werden auf Niederl\u00e4ndisch, Franz\u00f6sisch, Deutsch oder Englisch ver\u00f6ffentlicht. Wenn Sie weitere Informationen w\u00fcnschen, kontaktieren Sie uns \u00fcber die folgenden Nachrichten-Apps: <a href=\"https:\/\/api.whatsapp.com\/send\/?phone=18327162363&amp;text&amp;app_absent=0\">WhatsApp<\/a>, <a href=\"skype:groupwebmedia?chat\">Skype<\/a> oder <a href=\"https:\/\/t.me\/groupwebmedia\">Telegram<\/a>. Profitieren Sie von der strategischen Bedeutung der Vertriebsmedien f\u00fcr Neuerscheinungen in den Benelux-L\u00e4ndern.<\/p><h2><a href=\"https:\/\/beneluxtimes.com\/de\/strategische-bedeutung-der-verbreitung-von-pressemitteilungen-im-benelux-markt\/\">Strategische Bedeutung des Vertriebs von Pressemitteilungen auf dem Benelux-Markt<\/a><\/h2><p>BELGIEN &#8211;<a href=\"https:\/\/europenewswire.net\/\">(EuropeNewswire.Net<\/a>) &#8211; Im Zeitalter der digitalen Medien bleibt die traditionelle Pressemitteilung ein Eckpfeiler der Kommunikationsstrategien von Unternehmen. Dies gilt insbesondere f\u00fcr Unternehmen, die auf den Benelux-Markt abzielen &#8211; eine Region, die Belgien, die Niederlande und Luxemburg umfasst. Hier untersuchen wir die Gr\u00fcnde, warum die <a href=\"https:\/\/europenewswire.net\/news\/press-release-distribution-services\/\">Verbreitung von Pressemitteilungen<\/a> ein wichtiges Instrument f\u00fcr Unternehmen ist, die ihre Pr\u00e4senz auf diesem einzigartigen europ\u00e4ischen Markt etablieren und ausbauen wollen&#8230;<a href=\"https:\/\/beneluxtimes.com\/de\/strategische-bedeutung-der-verbreitung-von-pressemitteilungen-im-benelux-markt\/\">Lesen Sie mehr<\/a><\/p>\t\t\t\t\t\t\t\t<\/div>\n\t\t\t\t<\/div>\n\t\t\t\t<\/div>\n\t\t<div class=\"elementor-element elementor-element-2880619 e-con-full rb-sticky e-flex e-con e-child\" data-id=\"2880619\" data-element_type=\"container\" data-e-type=\"container\">\n\t\t\t\t<div class=\"elementor-element elementor-element-7d2e2a28 elementor-widget elementor-widget-foxiz-heading\" data-id=\"7d2e2a28\" data-element_type=\"widget\" data-e-type=\"widget\" data-widget_type=\"foxiz-heading.default\">\n\t\t\t\t<div class=\"elementor-widget-container\">\n\t\t\t\t\t<div id=\"uid_7d2e2a28\" class=\"block-h heading-layout-2\"><div class=\"heading-inner\"><h2 class=\"heading-title\"><span>Neueste Nachrichten<\/span><\/h2><\/div><\/div>\t\t\t\t<\/div>\n\t\t\t\t<\/div>\n\t\t\t\t<div class=\"elementor-element elementor-element-1fabbdbf elementor-widget elementor-widget-foxiz-list-small-2\" data-id=\"1fabbdbf\" data-element_type=\"widget\" data-e-type=\"widget\" data-widget_type=\"foxiz-list-small-2.default\">\n\t\t\t\t<div class=\"elementor-widget-container\">\n\t\t\t\t\t<div id=\"uid_1fabbdbf\" class=\"block-wrap block-small block-list block-list-small-2 rb-columns rb-col-1 is-feat-left meta-s-default\"><div class=\"block-inner\">\t\t<div class=\"p-wrap p-small p-list-small-2\" data-pid=\"12435\">\r\n\t\t\t\t<div class=\"feat-holder\">\t\t<div class=\"p-featured ratio-v1\">\r\n\t\t\t\t\t<a class=\"p-flink\" href=\"https:\/\/beneluxtimes.com\/de\/der-katalysator-fur-innovation-wie-die-verbreitung-von-pressemitteilungen-das-wachstum-in-der-dach-region-ankurbelt\/\" title=\"Der Katalysator f\u00fcr Innovation: Wie die Verbreitung von Pressemitteilungen das Wachstum in der DACH-Region ankurbelt\">\r\n\t\t\t<img loading=\"lazy\" decoding=\"async\" width=\"150\" height=\"150\" src=\"https:\/\/beneluxtimes.com\/wp-content\/uploads\/2026\/04\/The-Catalyst-of-Innovation-How-Press-Release-Distribution-Fuels-Growth-in-the-DACH-Region-150x150.jpeg\" class=\"featured-img wp-post-image\" alt=\"\" loading=\"lazy\" \/>\t\t<\/a>\r\n\t\t\t\t<\/div>\r\n\t<\/div>\r\n\t\t\t\t<div class=\"p-content\">\r\n\t\t\t<h5 class=\"entry-title\">\t\t<a class=\"p-url\" href=\"https:\/\/beneluxtimes.com\/de\/der-katalysator-fur-innovation-wie-die-verbreitung-von-pressemitteilungen-das-wachstum-in-der-dach-region-ankurbelt\/\" rel=\"bookmark\">Der Katalysator f\u00fcr Innovation: Wie die Verbreitung von Pressemitteilungen das Wachstum in der DACH-Region ankurbelt<\/a><\/h5>\t\t\t<div class=\"p-meta\">\r\n\t\t\t\t<div class=\"meta-inner is-meta\">\r\n\t\t\t\t\t<span class=\"meta-el meta-update\">\r\n\t\t<i class=\"rbi rbi-time\" aria-hidden=\"true\"><\/i>\t\t<time class=\"updated\" datetime=\"2026-04-14T19:56:22+00:00\">14. April 2026<\/time>\r\n\t\t<\/span>\r\n\t\t\t\t\t\t<\/div>\r\n\t\t\t\t\t\t\t<\/div>\r\n\t\t\t\t<\/div>\r\n\t\t\t\t<\/div>\r\n\t\t\t<div class=\"p-wrap p-small p-list-small-2\" data-pid=\"12349\">\r\n\t\t\t\t<div class=\"feat-holder\">\t\t<div class=\"p-featured ratio-v1\">\r\n\t\t\t\t\t<a class=\"p-flink\" href=\"https:\/\/beneluxtimes.com\/de\/mehrsprachige-pr-in-der-dach-region-vorteile-lokalisierter-pressemitteilungen\/\" title=\"Mehrsprachige PR in der DACH-Region: Vorteile lokalisierter Pressemitteilungen\">\r\n\t\t\t<img loading=\"lazy\" decoding=\"async\" width=\"150\" height=\"150\" src=\"https:\/\/beneluxtimes.com\/wp-content\/uploads\/2026\/04\/Multilingual-PR-in-the-DACH-Region-Benefits-of-Localized-Press-Releases--150x150.jpeg\" class=\"featured-img wp-post-image\" alt=\"\" loading=\"lazy\" \/>\t\t<\/a>\r\n\t\t\t\t<\/div>\r\n\t<\/div>\r\n\t\t\t\t<div class=\"p-content\">\r\n\t\t\t<h5 class=\"entry-title\">\t\t<a class=\"p-url\" href=\"https:\/\/beneluxtimes.com\/de\/mehrsprachige-pr-in-der-dach-region-vorteile-lokalisierter-pressemitteilungen\/\" rel=\"bookmark\">Mehrsprachige PR in der DACH-Region: Vorteile lokalisierter Pressemitteilungen<\/a><\/h5>\t\t\t<div class=\"p-meta\">\r\n\t\t\t\t<div class=\"meta-inner is-meta\">\r\n\t\t\t\t\t<span class=\"meta-el meta-update\">\r\n\t\t<i class=\"rbi rbi-time\" aria-hidden=\"true\"><\/i>\t\t<time class=\"updated\" datetime=\"2026-04-10T10:26:12+00:00\">10. April 2026<\/time>\r\n\t\t<\/span>\r\n\t\t\t\t\t\t<\/div>\r\n\t\t\t\t\t\t\t<\/div>\r\n\t\t\t\t<\/div>\r\n\t\t\t\t<\/div>\r\n\t\t\t<div class=\"p-wrap p-small p-list-small-2\" data-pid=\"11211\">\r\n\t\t\t\t<div class=\"feat-holder\">\t\t<div class=\"p-featured ratio-v1\">\r\n\t\t\t\t\t<a class=\"p-flink\" href=\"https:\/\/beneluxtimes.com\/de\/european-center-for-peace-and-conflict-resolution-urges-coexistence-and-rejects-political-islam-during-demonstration-at-the-united-nations-in-geneva-2\/\" title=\"European Center for Peace and Conflict Resolution Urges Coexistence and Rejects Political Islam During Demonstration at the United Nations in Geneva\">\r\n\t\t\t<img loading=\"lazy\" decoding=\"async\" width=\"150\" height=\"150\" src=\"https:\/\/beneluxtimes.com\/wp-content\/uploads\/2025\/11\/Geneva-Event-150x150.jpg\" class=\"featured-img wp-post-image\" alt=\"\" loading=\"lazy\" \/>\t\t<\/a>\r\n\t\t\t\t<\/div>\r\n\t<\/div>\r\n\t\t\t\t<div class=\"p-content\">\r\n\t\t\t<h5 class=\"entry-title\">\t\t<a class=\"p-url\" href=\"https:\/\/beneluxtimes.com\/de\/european-center-for-peace-and-conflict-resolution-urges-coexistence-and-rejects-political-islam-during-demonstration-at-the-united-nations-in-geneva-2\/\" rel=\"bookmark\">European Center for Peace and Conflict Resolution Urges Coexistence and Rejects Political Islam During Demonstration at the United Nations in Geneva<\/a><\/h5>\t\t\t<div class=\"p-meta\">\r\n\t\t\t\t<div class=\"meta-inner is-meta\">\r\n\t\t\t\t\t<span class=\"meta-el meta-update\">\r\n\t\t<i class=\"rbi rbi-time\" aria-hidden=\"true\"><\/i>\t\t<time class=\"updated\" datetime=\"2025-11-18T21:05:11+00:00\">18. November 2025<\/time>\r\n\t\t<\/span>\r\n\t\t\t\t\t\t<\/div>\r\n\t\t\t\t\t\t\t<\/div>\r\n\t\t\t\t<\/div>\r\n\t\t\t\t<\/div>\r\n\t\t\t<div class=\"p-wrap p-small p-list-small-2\" data-pid=\"11168\">\r\n\t\t\t\t<div class=\"feat-holder\">\t\t<div class=\"p-featured ratio-v1\">\r\n\t\t\t\t\t<a class=\"p-flink\" href=\"https:\/\/beneluxtimes.com\/de\/terramaster-oktober-prime-day-2025-sale-bis-zu-30-rabatt-auf-all-flash-speicherlosungen-mehr\/\" title=\"TerraMaster Oktober Prime Day 2025 Sale: Bis zu 30 % Rabatt auf All-Flash-Speicherl\u00f6sungen &#038; mehr!\">\r\n\t\t\t<img loading=\"lazy\" decoding=\"async\" width=\"150\" height=\"150\" src=\"https:\/\/beneluxtimes.com\/wp-content\/uploads\/2025\/10\/TerraMaster-October-Prime-Day-150x150.jpg\" class=\"featured-img wp-post-image\" alt=\"\" loading=\"lazy\" \/>\t\t<\/a>\r\n\t\t\t\t<\/div>\r\n\t<\/div>\r\n\t\t\t\t<div class=\"p-content\">\r\n\t\t\t<h5 class=\"entry-title\">\t\t<a class=\"p-url\" href=\"https:\/\/beneluxtimes.com\/de\/terramaster-oktober-prime-day-2025-sale-bis-zu-30-rabatt-auf-all-flash-speicherlosungen-mehr\/\" rel=\"bookmark\">TerraMaster Oktober Prime Day 2025 Sale: Bis zu 30 % Rabatt auf All-Flash-Speicherl\u00f6sungen &#038; mehr!<\/a><\/h5>\t\t\t<div class=\"p-meta\">\r\n\t\t\t\t<div class=\"meta-inner is-meta\">\r\n\t\t\t\t\t<span class=\"meta-el meta-update\">\r\n\t\t<i class=\"rbi rbi-time\" aria-hidden=\"true\"><\/i>\t\t<time class=\"updated\" datetime=\"2025-10-06T08:05:03+00:00\">6. Oktober 2025<\/time>\r\n\t\t<\/span>\r\n\t\t\t\t\t\t<\/div>\r\n\t\t\t\t\t\t\t<\/div>\r\n\t\t\t\t<\/div>\r\n\t\t\t\t<\/div>\r\n\t\t\t<div class=\"p-wrap p-small p-list-small-2\" data-pid=\"11139\">\r\n\t\t\t\t<div class=\"feat-holder\">\t\t<div class=\"p-featured ratio-v1\">\r\n\t\t\t\t\t<a class=\"p-flink\" href=\"https:\/\/beneluxtimes.com\/de\/terramaster-startet-den-f4-425-nas-mit-vier-einschuben-eroffnet-ein-neues-kapitel-in-der-leistung-von-heim-speicherlosungen-mit-intel-x86\/\" title=\"TerraMaster startet den F4-425 NAS mit vier Einsch\u00fcben: Er\u00f6ffnet ein neues Kapitel in der Leistung von Heim-Speicherl\u00f6sungen mit Intel x86\">\r\n\t\t\t<img loading=\"lazy\" decoding=\"async\" width=\"150\" height=\"150\" src=\"https:\/\/beneluxtimes.com\/wp-content\/uploads\/2025\/09\/TerraMaster-F4-425-Your-Home-4-Bay-NAS-150x150.jpg\" class=\"featured-img wp-post-image\" alt=\"\" loading=\"lazy\" \/>\t\t<\/a>\r\n\t\t\t\t<\/div>\r\n\t<\/div>\r\n\t\t\t\t<div class=\"p-content\">\r\n\t\t\t<h5 class=\"entry-title\">\t\t<a class=\"p-url\" href=\"https:\/\/beneluxtimes.com\/de\/terramaster-startet-den-f4-425-nas-mit-vier-einschuben-eroffnet-ein-neues-kapitel-in-der-leistung-von-heim-speicherlosungen-mit-intel-x86\/\" rel=\"bookmark\">TerraMaster startet den F4-425 NAS mit vier Einsch\u00fcben: Er\u00f6ffnet ein neues Kapitel in der Leistung von Heim-Speicherl\u00f6sungen mit Intel x86<\/a><\/h5>\t\t\t<div class=\"p-meta\">\r\n\t\t\t\t<div class=\"meta-inner is-meta\">\r\n\t\t\t\t\t<span class=\"meta-el meta-update\">\r\n\t\t<i class=\"rbi rbi-time\" aria-hidden=\"true\"><\/i>\t\t<time class=\"updated\" datetime=\"2025-09-16T18:00:27+00:00\">16. September 2025<\/time>\r\n\t\t<\/span>\r\n\t\t\t\t\t\t<\/div>\r\n\t\t\t\t\t\t\t<\/div>\r\n\t\t\t\t<\/div>\r\n\t\t\t\t<\/div>\r\n\t<\/div><\/div>\t\t\t\t<\/div>\n\t\t\t\t<\/div>\n\t\t\t\t<\/div>\n\t\t\t\t\t<\/div>\n\t\t\t\t<\/div>\n\t\t\t\t<\/div>\n\t\t","protected":false},"excerpt":{"rendered":"<p>Nachrichten einreichen Verteilung von Pressemitteilungen an Medien in den Benelux-L\u00e4ndern: Belgien, die Niederlande und Luxemburg. Senden Sie Nachrichtenartikel oder Pressemitteilungen zur Verteilung an Medien in Belgien, den Niederlanden, Luxemburg oder Europa. Diese Pressemitteilungen werden auf Niederl\u00e4ndisch, Franz\u00f6sisch, Deutsch oder Englisch ver\u00f6ffentlicht. Wenn Sie weitere Informationen w\u00fcnschen, kontaktieren Sie uns \u00fcber die folgenden Nachrichten-Apps: WhatsApp, Skype [&hellip;]<\/p>\n","protected":false},"author":1,"featured_media":0,"parent":0,"menu_order":0,"comment_status":"closed","ping_status":"closed","template":"","meta":{"footnotes":""},"class_list":["post-4397","page","type-page","status-publish"],"_links":{"self":[{"href":"https:\/\/beneluxtimes.com\/de\/wp-json\/wp\/v2\/pages\/4397","targetHints":{"allow":["GET"]}}],"collection":[{"href":"https:\/\/beneluxtimes.com\/de\/wp-json\/wp\/v2\/pages"}],"about":[{"href":"https:\/\/beneluxtimes.com\/de\/wp-json\/wp\/v2\/types\/page"}],"author":[{"embeddable":true,"href":"https:\/\/beneluxtimes.com\/de\/wp-json\/wp\/v2\/users\/1"}],"replies":[{"embeddable":true,"href":"https:\/\/beneluxtimes.com\/de\/wp-json\/wp\/v2\/comments?post=4397"}],"version-history":[{"count":7,"href":"https:\/\/beneluxtimes.com\/de\/wp-json\/wp\/v2\/pages\/4397\/revisions"}],"predecessor-version":[{"id":4517,"href":"https:\/\/beneluxtimes.com\/de\/wp-json\/wp\/v2\/pages\/4397\/revisions\/4517"}],"wp:attachment":[{"href":"https:\/\/beneluxtimes.com\/de\/wp-json\/wp\/v2\/media?parent=4397"}],"curies":[{"name":"wp","href":"https:\/\/api.w.org\/{rel}","templated":true}]}}