{"id":4348,"date":"2024-06-10T08:01:48","date_gmt":"2024-06-10T08:01:48","guid":{"rendered":"https:\/\/beneluxtimes.com\/?page_id=4348"},"modified":"2024-06-14T16:34:31","modified_gmt":"2024-06-14T16:34:31","slug":"ueber-uns","status":"publish","type":"page","link":"https:\/\/beneluxtimes.com\/de\/ueber-uns\/","title":{"rendered":"\u00dcber uns"},"content":{"rendered":"\t\t<div data-elementor-type=\"wp-page\" data-elementor-id=\"4348\" class=\"elementor elementor-4348 elementor-2\">\n\t\t\t\t<div class=\"elementor-element elementor-element-78390f4 e-flex e-con-boxed e-con e-parent\" data-id=\"78390f4\" data-element_type=\"container\" data-e-type=\"container\">\n\t\t\t\t\t<div class=\"e-con-inner\">\n\t\t<div class=\"elementor-element elementor-element-74b22fb8 e-con-full e-flex e-con e-child\" data-id=\"74b22fb8\" data-element_type=\"container\" data-e-type=\"container\">\n\t\t\t\t<div class=\"elementor-element elementor-element-4b0d83af elementor-widget elementor-widget-text-editor\" data-id=\"4b0d83af\" data-element_type=\"widget\" data-e-type=\"widget\" data-widget_type=\"text-editor.default\">\n\t\t\t\t<div class=\"elementor-widget-container\">\n\t\t\t\t\t\t\t\t\t<h2>\u00dcber Benelux Times\u2122 <\/h2><p>Benelux Times\u2122 aggregiert und ver\u00f6ffentlicht sozio\u00f6konomische Nachrichten \u00fcber Belgien, die Niederlande und Luxemburg &#8211; L\u00e4nder, die die Benelux-Region in Europa bilden. Die Nachrichten konzentrieren sich auf Automobil, Gesch\u00e4ftsenergie, Unterhaltung, Finanzen, Gesundheit, Immobilien, Technologie und Reisen. In Zusammenarbeit mit <a href=\"https:\/\/europenewswire.net\/\">EuropeNewswire.Net<\/a> ver\u00f6ffentlicht Benelux Times\u2122 auch Pressemitteilungen und verteilt sie an Medien in den Benelux-Mitgliedsl\u00e4ndern und auf dem gesamten europ\u00e4ischen Markt. F\u00fcr die Verteilung von Pressemitteilungen an Medien in der Region kontaktieren Sie uns \u00fcber diese Messaging-Apps: <a href=\"https:\/\/api.whatsapp.com\/send\/?phone=18327162363&amp;text&amp;app_absent=0\">WhatsApp<\/a>, <a href=\"skype:groupwebmedia?chat\">Skype<\/a> oder <a href=\"https:\/\/t.me\/groupwebmedia\">Telegram<\/a>.<\/p><h2><a href=\"https:\/\/beneluxtimes.com\/europenewswire-net-on-the-benelux-union-fostering-integration-and-cooperation-in-europe\/\">EuropeNewswire.Net\u2122 \u00fcber die Benelux-Union: F\u00f6rderung der Integration und Zusammenarbeit in Europa<\/a><\/h2><p>DEUTSCHLAND &#8211; (EuropeNewswire.Net) &#8211; Die Benelux-Union, eine zwischenstaatliche Zusammenarbeit zwischen Belgien, den Niederlanden und Luxemburg, ist ein Beweis f\u00fcr die Kraft regionaler Einheit und wirtschaftlicher Zusammenarbeit. EuropeNewswire.Net\u2122 untersucht den vielf\u00e4ltigen Zweck der Benelux-Union, erforscht ihren historischen Kontext, ihre Ziele und ihre Auswirkungen auf ihre Mitgliedsstaaten und die breitere europ\u00e4ische Landschaft&#8230;<a href=\"https:\/\/beneluxtimes.com\/europenewswire-net-on-the-benelux-union-fostering-integration-and-cooperation-in-europe\/\">Mehr Lesen<\/a><\/p>\t\t\t\t\t\t\t\t<\/div>\n\t\t\t\t<\/div>\n\t\t\t\t<\/div>\n\t\t<div class=\"elementor-element elementor-element-63ce90e6 e-con-full rb-sticky e-flex e-con e-child\" data-id=\"63ce90e6\" data-element_type=\"container\" data-e-type=\"container\">\n\t\t\t\t<div class=\"elementor-element elementor-element-1b2b2dc0 elementor-widget elementor-widget-foxiz-heading\" data-id=\"1b2b2dc0\" data-element_type=\"widget\" data-e-type=\"widget\" data-widget_type=\"foxiz-heading.default\">\n\t\t\t\t<div class=\"elementor-widget-container\">\n\t\t\t\t\t<div id=\"uid_1b2b2dc0\" class=\"block-h heading-layout-2\"><div class=\"heading-inner\"><h2 class=\"heading-title\"><span>Neueste Nachrichten<\/span><\/h2><\/div><\/div>\t\t\t\t<\/div>\n\t\t\t\t<\/div>\n\t\t\t\t<div class=\"elementor-element elementor-element-62575046 elementor-widget elementor-widget-foxiz-list-small-2\" data-id=\"62575046\" data-element_type=\"widget\" data-e-type=\"widget\" data-widget_type=\"foxiz-list-small-2.default\">\n\t\t\t\t<div class=\"elementor-widget-container\">\n\t\t\t\t\t<div id=\"uid_62575046\" class=\"block-wrap block-small block-list block-list-small-2 rb-columns rb-col-1 is-feat-left meta-s-default\"><div class=\"block-inner\">\t\t<div class=\"p-wrap p-small p-list-small-2\" data-pid=\"12435\">\r\n\t\t\t\t<div class=\"feat-holder\">\t\t<div class=\"p-featured ratio-v1\">\r\n\t\t\t\t\t<a class=\"p-flink\" href=\"https:\/\/beneluxtimes.com\/de\/der-katalysator-fur-innovation-wie-die-verbreitung-von-pressemitteilungen-das-wachstum-in-der-dach-region-ankurbelt\/\" title=\"Der Katalysator f\u00fcr Innovation: Wie die Verbreitung von Pressemitteilungen das Wachstum in der DACH-Region ankurbelt\">\r\n\t\t\t<img loading=\"lazy\" decoding=\"async\" width=\"150\" height=\"150\" src=\"https:\/\/beneluxtimes.com\/wp-content\/uploads\/2026\/04\/The-Catalyst-of-Innovation-How-Press-Release-Distribution-Fuels-Growth-in-the-DACH-Region-150x150.jpeg\" class=\"featured-img wp-post-image\" alt=\"\" loading=\"lazy\" \/>\t\t<\/a>\r\n\t\t\t\t<\/div>\r\n\t<\/div>\r\n\t\t\t\t<div class=\"p-content\">\r\n\t\t\t<h5 class=\"entry-title\">\t\t<a class=\"p-url\" href=\"https:\/\/beneluxtimes.com\/de\/der-katalysator-fur-innovation-wie-die-verbreitung-von-pressemitteilungen-das-wachstum-in-der-dach-region-ankurbelt\/\" rel=\"bookmark\">Der Katalysator f\u00fcr Innovation: Wie die Verbreitung von Pressemitteilungen das Wachstum in der DACH-Region ankurbelt<\/a><\/h5>\t\t\t<div class=\"p-meta\">\r\n\t\t\t\t<div class=\"meta-inner is-meta\">\r\n\t\t\t\t\t<span class=\"meta-el meta-update\">\r\n\t\t<i class=\"rbi rbi-time\" aria-hidden=\"true\"><\/i>\t\t<time class=\"updated\" datetime=\"2026-04-14T19:56:22+00:00\">14. April 2026<\/time>\r\n\t\t<\/span>\r\n\t\t\t\t\t\t<\/div>\r\n\t\t\t\t\t\t\t<\/div>\r\n\t\t\t\t<\/div>\r\n\t\t\t\t<\/div>\r\n\t\t\t<div class=\"p-wrap p-small p-list-small-2\" data-pid=\"12349\">\r\n\t\t\t\t<div class=\"feat-holder\">\t\t<div class=\"p-featured ratio-v1\">\r\n\t\t\t\t\t<a class=\"p-flink\" href=\"https:\/\/beneluxtimes.com\/de\/mehrsprachige-pr-in-der-dach-region-vorteile-lokalisierter-pressemitteilungen\/\" title=\"Mehrsprachige PR in der DACH-Region: Vorteile lokalisierter Pressemitteilungen\">\r\n\t\t\t<img loading=\"lazy\" decoding=\"async\" width=\"150\" height=\"150\" src=\"https:\/\/beneluxtimes.com\/wp-content\/uploads\/2026\/04\/Multilingual-PR-in-the-DACH-Region-Benefits-of-Localized-Press-Releases--150x150.jpeg\" class=\"featured-img wp-post-image\" alt=\"\" loading=\"lazy\" \/>\t\t<\/a>\r\n\t\t\t\t<\/div>\r\n\t<\/div>\r\n\t\t\t\t<div class=\"p-content\">\r\n\t\t\t<h5 class=\"entry-title\">\t\t<a class=\"p-url\" href=\"https:\/\/beneluxtimes.com\/de\/mehrsprachige-pr-in-der-dach-region-vorteile-lokalisierter-pressemitteilungen\/\" rel=\"bookmark\">Mehrsprachige PR in der DACH-Region: Vorteile lokalisierter Pressemitteilungen<\/a><\/h5>\t\t\t<div class=\"p-meta\">\r\n\t\t\t\t<div class=\"meta-inner is-meta\">\r\n\t\t\t\t\t<span class=\"meta-el meta-update\">\r\n\t\t<i class=\"rbi rbi-time\" aria-hidden=\"true\"><\/i>\t\t<time class=\"updated\" datetime=\"2026-04-10T10:26:12+00:00\">10. April 2026<\/time>\r\n\t\t<\/span>\r\n\t\t\t\t\t\t<\/div>\r\n\t\t\t\t\t\t\t<\/div>\r\n\t\t\t\t<\/div>\r\n\t\t\t\t<\/div>\r\n\t\t\t<div class=\"p-wrap p-small p-list-small-2\" data-pid=\"11211\">\r\n\t\t\t\t<div class=\"feat-holder\">\t\t<div class=\"p-featured ratio-v1\">\r\n\t\t\t\t\t<a class=\"p-flink\" href=\"https:\/\/beneluxtimes.com\/de\/european-center-for-peace-and-conflict-resolution-urges-coexistence-and-rejects-political-islam-during-demonstration-at-the-united-nations-in-geneva-2\/\" title=\"European Center for Peace and Conflict Resolution Urges Coexistence and Rejects Political Islam During Demonstration at the United Nations in Geneva\">\r\n\t\t\t<img loading=\"lazy\" decoding=\"async\" width=\"150\" height=\"150\" src=\"https:\/\/beneluxtimes.com\/wp-content\/uploads\/2025\/11\/Geneva-Event-150x150.jpg\" class=\"featured-img wp-post-image\" alt=\"\" loading=\"lazy\" \/>\t\t<\/a>\r\n\t\t\t\t<\/div>\r\n\t<\/div>\r\n\t\t\t\t<div class=\"p-content\">\r\n\t\t\t<h5 class=\"entry-title\">\t\t<a class=\"p-url\" href=\"https:\/\/beneluxtimes.com\/de\/european-center-for-peace-and-conflict-resolution-urges-coexistence-and-rejects-political-islam-during-demonstration-at-the-united-nations-in-geneva-2\/\" rel=\"bookmark\">European Center for Peace and Conflict Resolution Urges Coexistence and Rejects Political Islam During Demonstration at the United Nations in Geneva<\/a><\/h5>\t\t\t<div class=\"p-meta\">\r\n\t\t\t\t<div class=\"meta-inner is-meta\">\r\n\t\t\t\t\t<span class=\"meta-el meta-update\">\r\n\t\t<i class=\"rbi rbi-time\" aria-hidden=\"true\"><\/i>\t\t<time class=\"updated\" datetime=\"2025-11-18T21:05:11+00:00\">18. November 2025<\/time>\r\n\t\t<\/span>\r\n\t\t\t\t\t\t<\/div>\r\n\t\t\t\t\t\t\t<\/div>\r\n\t\t\t\t<\/div>\r\n\t\t\t\t<\/div>\r\n\t\t\t<div class=\"p-wrap p-small p-list-small-2\" data-pid=\"11168\">\r\n\t\t\t\t<div class=\"feat-holder\">\t\t<div class=\"p-featured ratio-v1\">\r\n\t\t\t\t\t<a class=\"p-flink\" href=\"https:\/\/beneluxtimes.com\/de\/terramaster-oktober-prime-day-2025-sale-bis-zu-30-rabatt-auf-all-flash-speicherlosungen-mehr\/\" title=\"TerraMaster Oktober Prime Day 2025 Sale: Bis zu 30 % Rabatt auf All-Flash-Speicherl\u00f6sungen &#038; mehr!\">\r\n\t\t\t<img loading=\"lazy\" decoding=\"async\" width=\"150\" height=\"150\" src=\"https:\/\/beneluxtimes.com\/wp-content\/uploads\/2025\/10\/TerraMaster-October-Prime-Day-150x150.jpg\" class=\"featured-img wp-post-image\" alt=\"\" loading=\"lazy\" \/>\t\t<\/a>\r\n\t\t\t\t<\/div>\r\n\t<\/div>\r\n\t\t\t\t<div class=\"p-content\">\r\n\t\t\t<h5 class=\"entry-title\">\t\t<a class=\"p-url\" href=\"https:\/\/beneluxtimes.com\/de\/terramaster-oktober-prime-day-2025-sale-bis-zu-30-rabatt-auf-all-flash-speicherlosungen-mehr\/\" rel=\"bookmark\">TerraMaster Oktober Prime Day 2025 Sale: Bis zu 30 % Rabatt auf All-Flash-Speicherl\u00f6sungen &#038; mehr!<\/a><\/h5>\t\t\t<div class=\"p-meta\">\r\n\t\t\t\t<div class=\"meta-inner is-meta\">\r\n\t\t\t\t\t<span class=\"meta-el meta-update\">\r\n\t\t<i class=\"rbi rbi-time\" aria-hidden=\"true\"><\/i>\t\t<time class=\"updated\" datetime=\"2025-10-06T08:05:03+00:00\">6. Oktober 2025<\/time>\r\n\t\t<\/span>\r\n\t\t\t\t\t\t<\/div>\r\n\t\t\t\t\t\t\t<\/div>\r\n\t\t\t\t<\/div>\r\n\t\t\t\t<\/div>\r\n\t\t\t<div class=\"p-wrap p-small p-list-small-2\" data-pid=\"11139\">\r\n\t\t\t\t<div class=\"feat-holder\">\t\t<div class=\"p-featured ratio-v1\">\r\n\t\t\t\t\t<a class=\"p-flink\" href=\"https:\/\/beneluxtimes.com\/de\/terramaster-startet-den-f4-425-nas-mit-vier-einschuben-eroffnet-ein-neues-kapitel-in-der-leistung-von-heim-speicherlosungen-mit-intel-x86\/\" title=\"TerraMaster startet den F4-425 NAS mit vier Einsch\u00fcben: Er\u00f6ffnet ein neues Kapitel in der Leistung von Heim-Speicherl\u00f6sungen mit Intel x86\">\r\n\t\t\t<img loading=\"lazy\" decoding=\"async\" width=\"150\" height=\"150\" src=\"https:\/\/beneluxtimes.com\/wp-content\/uploads\/2025\/09\/TerraMaster-F4-425-Your-Home-4-Bay-NAS-150x150.jpg\" class=\"featured-img wp-post-image\" alt=\"\" loading=\"lazy\" \/>\t\t<\/a>\r\n\t\t\t\t<\/div>\r\n\t<\/div>\r\n\t\t\t\t<div class=\"p-content\">\r\n\t\t\t<h5 class=\"entry-title\">\t\t<a class=\"p-url\" href=\"https:\/\/beneluxtimes.com\/de\/terramaster-startet-den-f4-425-nas-mit-vier-einschuben-eroffnet-ein-neues-kapitel-in-der-leistung-von-heim-speicherlosungen-mit-intel-x86\/\" rel=\"bookmark\">TerraMaster startet den F4-425 NAS mit vier Einsch\u00fcben: Er\u00f6ffnet ein neues Kapitel in der Leistung von Heim-Speicherl\u00f6sungen mit Intel x86<\/a><\/h5>\t\t\t<div class=\"p-meta\">\r\n\t\t\t\t<div class=\"meta-inner is-meta\">\r\n\t\t\t\t\t<span class=\"meta-el meta-update\">\r\n\t\t<i class=\"rbi rbi-time\" aria-hidden=\"true\"><\/i>\t\t<time class=\"updated\" datetime=\"2025-09-16T18:00:27+00:00\">16. September 2025<\/time>\r\n\t\t<\/span>\r\n\t\t\t\t\t\t<\/div>\r\n\t\t\t\t\t\t\t<\/div>\r\n\t\t\t\t<\/div>\r\n\t\t\t\t<\/div>\r\n\t<\/div><\/div>\t\t\t\t<\/div>\n\t\t\t\t<\/div>\n\t\t\t\t<\/div>\n\t\t\t\t\t<\/div>\n\t\t\t\t<\/div>\n\t\t\t\t<\/div>\n\t\t","protected":false},"excerpt":{"rendered":"<p>\u00dcber Benelux Times\u2122 Benelux Times\u2122 aggregiert und ver\u00f6ffentlicht sozio\u00f6konomische Nachrichten \u00fcber Belgien, die Niederlande und Luxemburg &#8211; L\u00e4nder, die die Benelux-Region in Europa bilden. Die Nachrichten konzentrieren sich auf Automobil, Gesch\u00e4ftsenergie, Unterhaltung, Finanzen, Gesundheit, Immobilien, Technologie und Reisen. In Zusammenarbeit mit EuropeNewswire.Net ver\u00f6ffentlicht Benelux Times\u2122 auch Pressemitteilungen und verteilt sie an Medien in den Benelux-Mitgliedsl\u00e4ndern [&hellip;]<\/p>\n","protected":false},"author":1,"featured_media":0,"parent":0,"menu_order":0,"comment_status":"closed","ping_status":"closed","template":"","meta":{"footnotes":""},"class_list":["post-4348","page","type-page","status-publish"],"_links":{"self":[{"href":"https:\/\/beneluxtimes.com\/de\/wp-json\/wp\/v2\/pages\/4348","targetHints":{"allow":["GET"]}}],"collection":[{"href":"https:\/\/beneluxtimes.com\/de\/wp-json\/wp\/v2\/pages"}],"about":[{"href":"https:\/\/beneluxtimes.com\/de\/wp-json\/wp\/v2\/types\/page"}],"author":[{"embeddable":true,"href":"https:\/\/beneluxtimes.com\/de\/wp-json\/wp\/v2\/users\/1"}],"replies":[{"embeddable":true,"href":"https:\/\/beneluxtimes.com\/de\/wp-json\/wp\/v2\/comments?post=4348"}],"version-history":[{"count":7,"href":"https:\/\/beneluxtimes.com\/de\/wp-json\/wp\/v2\/pages\/4348\/revisions"}],"predecessor-version":[{"id":4620,"href":"https:\/\/beneluxtimes.com\/de\/wp-json\/wp\/v2\/pages\/4348\/revisions\/4620"}],"wp:attachment":[{"href":"https:\/\/beneluxtimes.com\/de\/wp-json\/wp\/v2\/media?parent=4348"}],"curies":[{"name":"wp","href":"https:\/\/api.w.org\/{rel}","templated":true}]}}