{"id":4362,"date":"2024-06-10T08:01:48","date_gmt":"2024-06-10T08:01:48","guid":{"rendered":"https:\/\/beneluxtimes.com\/?page_id=4362"},"modified":"2024-06-14T16:31:43","modified_gmt":"2024-06-14T16:31:43","slug":"a-propos","status":"publish","type":"page","link":"http:\/\/beneluxtimes.com\/fr\/a-propos\/","title":{"rendered":"\u00c0 propos"},"content":{"rendered":"\t\t<div data-elementor-type=\"wp-page\" data-elementor-id=\"4362\" class=\"elementor elementor-4362 elementor-2\">\n\t\t\t\t<div class=\"elementor-element elementor-element-78390f4 e-flex e-con-boxed e-con e-parent\" data-id=\"78390f4\" data-element_type=\"container\" data-e-type=\"container\">\n\t\t\t\t\t<div class=\"e-con-inner\">\n\t\t<div class=\"elementor-element elementor-element-74b22fb8 e-con-full e-flex e-con e-child\" data-id=\"74b22fb8\" data-element_type=\"container\" data-e-type=\"container\">\n\t\t\t\t<div class=\"elementor-element elementor-element-4b0d83af elementor-widget elementor-widget-text-editor\" data-id=\"4b0d83af\" data-element_type=\"widget\" data-e-type=\"widget\" data-widget_type=\"text-editor.default\">\n\t\t\t\t<div class=\"elementor-widget-container\">\n\t\t\t\t\t\t\t\t\t<h2>\u00c0 propos de Benelux Times\u2122 <\/h2><p>Benelux Times\u2122 agr\u00e8ge et publie des actualit\u00e9s socio-\u00e9conomiques sur la Belgique, les Pays-Bas et le Luxembourg &#8211; des pays qui forment la r\u00e9gion du Benelux en Europe. Les actualit\u00e9s sont ax\u00e9es sur l&rsquo;automobile, l&rsquo;\u00e9nergie commerciale, le divertissement, les finances, la sant\u00e9, l&rsquo;immobilier, la technologie et les voyages. En partenariat avec <a href=\"https:\/\/europenewswire.net\/\">EuropeNewswire.Net<\/a>, Benelux Times\u2122 publie \u00e9galement et distribue des communiqu\u00e9s de presse aux m\u00e9dias des pays membres du Benelux et \u00e0 l&rsquo;ensemble du march\u00e9 europ\u00e9en. Pour la distribution de communiqu\u00e9s de presse aux m\u00e9dias de la r\u00e9gion, contactez-nous via ces applications de messagerie : <a href=\"https:\/\/api.whatsapp.com\/send\/?phone=18327162363&amp;text&amp;app_absent=0\">WhatsApp<\/a>, <a href=\"skype:groupwebmedia?chat\">Skype<\/a> ou <a href=\"https:\/\/t.me\/groupwebmedia\">Telegram<\/a>.<\/p><h2><a href=\"https:\/\/beneluxtimes.com\/europenewswire-net-on-the-benelux-union-fostering-integration-and-cooperation-in-europe\/\">EuropeNewswire.Net\u2122 sur l&rsquo;Union Benelux : Favoriser l&rsquo;Int\u00e9gration et la Coop\u00e9ration en Europe<\/a><\/h2><p>ALLEMAGNE &#8211; (EuropeNewswire.Net) &#8211; L&rsquo;Union Benelux, une coop\u00e9ration intergouvernementale entre la Belgique, les Pays-Bas et le Luxembourg, t\u00e9moigne du pouvoir de l&rsquo;unit\u00e9 r\u00e9gionale et de la collaboration \u00e9conomique. EuropeNewswire.Net\u2122 examine le but multifacette de l&rsquo;Union Benelux, explorant son contexte historique, ses objectifs et son impact sur ses \u00c9tats membres et le panorama europ\u00e9en plus large&#8230;<a href=\"https:\/\/beneluxtimes.com\/europenewswire-net-on-the-benelux-union-fostering-integration-and-cooperation-in-europe\/\">Lire Plus<\/a><\/p>\t\t\t\t\t\t\t\t<\/div>\n\t\t\t\t<\/div>\n\t\t\t\t<\/div>\n\t\t<div class=\"elementor-element elementor-element-63ce90e6 e-con-full rb-sticky e-flex e-con e-child\" data-id=\"63ce90e6\" data-element_type=\"container\" data-e-type=\"container\">\n\t\t\t\t<div class=\"elementor-element elementor-element-1b2b2dc0 elementor-widget elementor-widget-foxiz-heading\" data-id=\"1b2b2dc0\" data-element_type=\"widget\" data-e-type=\"widget\" data-widget_type=\"foxiz-heading.default\">\n\t\t\t\t<div class=\"elementor-widget-container\">\n\t\t\t\t\t<div id=\"uid_1b2b2dc0\" class=\"block-h heading-layout-2\"><div class=\"heading-inner\"><h2 class=\"heading-title\"><span>Derni\u00e8res nouvelles<\/span><\/h2><\/div><\/div>\t\t\t\t<\/div>\n\t\t\t\t<\/div>\n\t\t\t\t<div class=\"elementor-element elementor-element-62575046 elementor-widget elementor-widget-foxiz-list-small-2\" data-id=\"62575046\" data-element_type=\"widget\" data-e-type=\"widget\" data-widget_type=\"foxiz-list-small-2.default\">\n\t\t\t\t<div class=\"elementor-widget-container\">\n\t\t\t\t\t<div id=\"uid_62575046\" class=\"block-wrap block-small block-list block-list-small-2 rb-columns rb-col-1 is-feat-left meta-s-default\"><div class=\"block-inner\">\t\t<div class=\"p-wrap p-small p-list-small-2\" data-pid=\"12431\">\r\n\t\t\t\t<div class=\"feat-holder\">\t\t<div class=\"p-featured ratio-v1\">\r\n\t\t\t\t\t<a class=\"p-flink\" href=\"http:\/\/beneluxtimes.com\/fr\/le-catalyseur-de-linnovation-comment-la-distribution-de-communiques-de-presse-stimule-la-croissance-dans-la-region-dach\/\" title=\"Le catalyseur de l\u2019innovation : comment la distribution de communiqu\u00e9s de presse stimule la croissance dans la r\u00e9gion DACH\">\r\n\t\t\t<img loading=\"lazy\" decoding=\"async\" width=\"150\" height=\"150\" src=\"http:\/\/beneluxtimes.com\/wp-content\/uploads\/2026\/04\/The-Catalyst-of-Innovation-How-Press-Release-Distribution-Fuels-Growth-in-the-DACH-Region-150x150.jpeg\" class=\"featured-img wp-post-image\" alt=\"\" loading=\"lazy\" \/>\t\t<\/a>\r\n\t\t\t\t<\/div>\r\n\t<\/div>\r\n\t\t\t\t<div class=\"p-content\">\r\n\t\t\t<h5 class=\"entry-title\">\t\t<a class=\"p-url\" href=\"http:\/\/beneluxtimes.com\/fr\/le-catalyseur-de-linnovation-comment-la-distribution-de-communiques-de-presse-stimule-la-croissance-dans-la-region-dach\/\" rel=\"bookmark\">Le catalyseur de l\u2019innovation : comment la distribution de communiqu\u00e9s de presse stimule la croissance dans la r\u00e9gion DACH<\/a><\/h5>\t\t\t<div class=\"p-meta\">\r\n\t\t\t\t<div class=\"meta-inner is-meta\">\r\n\t\t\t\t\t<span class=\"meta-el meta-update\">\r\n\t\t<i class=\"rbi rbi-time\" aria-hidden=\"true\"><\/i>\t\t<time class=\"updated\" datetime=\"2026-04-14T17:35:00+00:00\">14 avril 2026<\/time>\r\n\t\t<\/span>\r\n\t\t\t\t\t\t<\/div>\r\n\t\t\t\t\t\t\t<\/div>\r\n\t\t\t\t<\/div>\r\n\t\t\t\t<\/div>\r\n\t\t\t<div class=\"p-wrap p-small p-list-small-2\" data-pid=\"12351\">\r\n\t\t\t\t<div class=\"feat-holder\">\t\t<div class=\"p-featured ratio-v1\">\r\n\t\t\t\t\t<a class=\"p-flink\" href=\"http:\/\/beneluxtimes.com\/fr\/relations-presse-multilingues-dans-la-region-dach-les-avantages-des-communiques-de-presse-localises\/\" title=\"Relations presse multilingues dans la r\u00e9gion DACH\u00a0: les avantages des communiqu\u00e9s de presse localis\u00e9s\">\r\n\t\t\t<img loading=\"lazy\" decoding=\"async\" width=\"150\" height=\"150\" src=\"http:\/\/beneluxtimes.com\/wp-content\/uploads\/2026\/04\/Multilingual-PR-in-the-DACH-Region-Benefits-of-Localized-Press-Releases--150x150.jpeg\" class=\"featured-img wp-post-image\" alt=\"\" loading=\"lazy\" \/>\t\t<\/a>\r\n\t\t\t\t<\/div>\r\n\t<\/div>\r\n\t\t\t\t<div class=\"p-content\">\r\n\t\t\t<h5 class=\"entry-title\">\t\t<a class=\"p-url\" href=\"http:\/\/beneluxtimes.com\/fr\/relations-presse-multilingues-dans-la-region-dach-les-avantages-des-communiques-de-presse-localises\/\" rel=\"bookmark\">Relations presse multilingues dans la r\u00e9gion DACH\u00a0: les avantages des communiqu\u00e9s de presse localis\u00e9s<\/a><\/h5>\t\t\t<div class=\"p-meta\">\r\n\t\t\t\t<div class=\"meta-inner is-meta\">\r\n\t\t\t\t\t<span class=\"meta-el meta-update\">\r\n\t\t<i class=\"rbi rbi-time\" aria-hidden=\"true\"><\/i>\t\t<time class=\"updated\" datetime=\"2026-04-10T08:32:00+00:00\">10 avril 2026<\/time>\r\n\t\t<\/span>\r\n\t\t\t\t\t\t<\/div>\r\n\t\t\t\t\t\t\t<\/div>\r\n\t\t\t\t<\/div>\r\n\t\t\t\t<\/div>\r\n\t\t\t<div class=\"p-wrap p-small p-list-small-2\" data-pid=\"11856\">\r\n\t\t\t\t<div class=\"feat-holder\">\t\t<div class=\"p-featured ratio-v1\">\r\n\t\t\t\t\t<a class=\"p-flink\" href=\"http:\/\/beneluxtimes.com\/fr\/soldes-de-printemps-terramaster-jusqua-30-sur-les-stockages-nas-et-das-la-nouvelle-gamme-phare-egalement-concernee\/\" title=\"Soldes de Printemps TerraMaster : Jusqu\u2019\u00e0 -30% sur les stockages NAS et DAS \u2014 La nouvelle gamme phare \u00e9galement concern\u00e9e !\">\r\n\t\t\t<img loading=\"lazy\" decoding=\"async\" width=\"150\" height=\"150\" src=\"http:\/\/beneluxtimes.com\/wp-content\/uploads\/2026\/03\/Soldes-de-Printemps-TerraMaster-150x150.jpg\" class=\"featured-img wp-post-image\" alt=\"\" loading=\"lazy\" \/>\t\t<\/a>\r\n\t\t\t\t<\/div>\r\n\t<\/div>\r\n\t\t\t\t<div class=\"p-content\">\r\n\t\t\t<h5 class=\"entry-title\">\t\t<a class=\"p-url\" href=\"http:\/\/beneluxtimes.com\/fr\/soldes-de-printemps-terramaster-jusqua-30-sur-les-stockages-nas-et-das-la-nouvelle-gamme-phare-egalement-concernee\/\" rel=\"bookmark\">Soldes de Printemps TerraMaster : Jusqu\u2019\u00e0 -30% sur les stockages NAS et DAS \u2014 La nouvelle gamme phare \u00e9galement concern\u00e9e !<\/a><\/h5>\t\t\t<div class=\"p-meta\">\r\n\t\t\t\t<div class=\"meta-inner is-meta\">\r\n\t\t\t\t\t<span class=\"meta-el meta-update\">\r\n\t\t<i class=\"rbi rbi-time\" aria-hidden=\"true\"><\/i>\t\t<time class=\"updated\" datetime=\"2026-03-10T05:03:00+00:00\">10 mars 2026<\/time>\r\n\t\t<\/span>\r\n\t\t\t\t\t\t<\/div>\r\n\t\t\t\t\t\t\t<\/div>\r\n\t\t\t\t<\/div>\r\n\t\t\t\t<\/div>\r\n\t\t\t<div class=\"p-wrap p-small p-list-small-2\" data-pid=\"11497\">\r\n\t\t\t\t<div class=\"feat-holder\">\t\t<div class=\"p-featured ratio-v1\">\r\n\t\t\t\t\t<a class=\"p-flink\" href=\"http:\/\/beneluxtimes.com\/fr\/lancement-du-terramaster-d1-ssd-pro-un-boitier-thunderbolt-5-80-gbps-atteint-7061-mo-s-avec-un-design-tout-aluminium-sans-ventilateur\/\" title=\"Lancement du TerraMaster D1 SSD Pro : Un bo\u00eetier Thunderbolt 5 80 Gbps atteint 7061 Mo\/s avec un design tout aluminium sans ventilateur\">\r\n\t\t\t<img loading=\"lazy\" decoding=\"async\" width=\"150\" height=\"150\" src=\"http:\/\/beneluxtimes.com\/wp-content\/uploads\/2026\/01\/TerraMaster-D1-SSD-Pro-150x150.jpg\" class=\"featured-img wp-post-image\" alt=\"\" loading=\"lazy\" \/>\t\t<\/a>\r\n\t\t\t\t<\/div>\r\n\t<\/div>\r\n\t\t\t\t<div class=\"p-content\">\r\n\t\t\t<h5 class=\"entry-title\">\t\t<a class=\"p-url\" href=\"http:\/\/beneluxtimes.com\/fr\/lancement-du-terramaster-d1-ssd-pro-un-boitier-thunderbolt-5-80-gbps-atteint-7061-mo-s-avec-un-design-tout-aluminium-sans-ventilateur\/\" rel=\"bookmark\">Lancement du TerraMaster D1 SSD Pro : Un bo\u00eetier Thunderbolt 5 80 Gbps atteint 7061 Mo\/s avec un design tout aluminium sans ventilateur<\/a><\/h5>\t\t\t<div class=\"p-meta\">\r\n\t\t\t\t<div class=\"meta-inner is-meta\">\r\n\t\t\t\t\t<span class=\"meta-el meta-update\">\r\n\t\t<i class=\"rbi rbi-time\" aria-hidden=\"true\"><\/i>\t\t<time class=\"updated\" datetime=\"2026-01-21T16:37:26+00:00\">21 janvier 2026<\/time>\r\n\t\t<\/span>\r\n\t\t\t\t\t\t<\/div>\r\n\t\t\t\t\t\t\t<\/div>\r\n\t\t\t\t<\/div>\r\n\t\t\t\t<\/div>\r\n\t\t\t<div class=\"p-wrap p-small p-list-small-2\" data-pid=\"11494\">\r\n\t\t\t\t<div class=\"feat-holder\">\t\t<div class=\"p-featured ratio-v1\">\r\n\t\t\t\t\t<a class=\"p-flink\" href=\"http:\/\/beneluxtimes.com\/fr\/with-the-attendance-of-turki-alalshikh-and-as-part-of-riyadh-season-the-6th-edition-of-joy-awards-brings-together-and-honors-a-distinguished-lineup-of-global-stars\/\" title=\"With the attendance of Turki Alalshikh and as part of Riyadh Season\u2026 the 6th edition of JOY AWARDS brings together and honors a distinguished lineup of global stars\">\r\n\t\t\t<img loading=\"lazy\" decoding=\"async\" width=\"150\" height=\"150\" src=\"http:\/\/beneluxtimes.com\/wp-content\/uploads\/2026\/01\/JOY-AWARDS-150x150.jpg\" class=\"featured-img wp-post-image\" alt=\"\" loading=\"lazy\" \/>\t\t<\/a>\r\n\t\t\t\t<\/div>\r\n\t<\/div>\r\n\t\t\t\t<div class=\"p-content\">\r\n\t\t\t<h5 class=\"entry-title\">\t\t<a class=\"p-url\" href=\"http:\/\/beneluxtimes.com\/fr\/with-the-attendance-of-turki-alalshikh-and-as-part-of-riyadh-season-the-6th-edition-of-joy-awards-brings-together-and-honors-a-distinguished-lineup-of-global-stars\/\" rel=\"bookmark\">With the attendance of Turki Alalshikh and as part of Riyadh Season\u2026 the 6th edition of JOY AWARDS brings together and honors a distinguished lineup of global stars<\/a><\/h5>\t\t\t<div class=\"p-meta\">\r\n\t\t\t\t<div class=\"meta-inner is-meta\">\r\n\t\t\t\t\t<span class=\"meta-el meta-update\">\r\n\t\t<i class=\"rbi rbi-time\" aria-hidden=\"true\"><\/i>\t\t<time class=\"updated\" datetime=\"2026-01-19T01:48:46+00:00\">19 janvier 2026<\/time>\r\n\t\t<\/span>\r\n\t\t\t\t\t\t<\/div>\r\n\t\t\t\t\t\t\t<\/div>\r\n\t\t\t\t<\/div>\r\n\t\t\t\t<\/div>\r\n\t<\/div><\/div>\t\t\t\t<\/div>\n\t\t\t\t<\/div>\n\t\t\t\t<\/div>\n\t\t\t\t\t<\/div>\n\t\t\t\t<\/div>\n\t\t\t\t<\/div>\n\t\t","protected":false},"excerpt":{"rendered":"<p>\u00c0 propos de Benelux Times\u2122 Benelux Times\u2122 agr\u00e8ge et publie des actualit\u00e9s socio-\u00e9conomiques sur la Belgique, les Pays-Bas et le Luxembourg &#8211; des pays qui forment la r\u00e9gion du Benelux en Europe. Les actualit\u00e9s sont ax\u00e9es sur l&rsquo;automobile, l&rsquo;\u00e9nergie commerciale, le divertissement, les finances, la sant\u00e9, l&rsquo;immobilier, la technologie et les voyages. En partenariat avec [&hellip;]<\/p>\n","protected":false},"author":1,"featured_media":0,"parent":0,"menu_order":0,"comment_status":"closed","ping_status":"closed","template":"","meta":{"footnotes":""},"class_list":["post-4362","page","type-page","status-publish"],"_links":{"self":[{"href":"http:\/\/beneluxtimes.com\/fr\/wp-json\/wp\/v2\/pages\/4362","targetHints":{"allow":["GET"]}}],"collection":[{"href":"http:\/\/beneluxtimes.com\/fr\/wp-json\/wp\/v2\/pages"}],"about":[{"href":"http:\/\/beneluxtimes.com\/fr\/wp-json\/wp\/v2\/types\/page"}],"author":[{"embeddable":true,"href":"http:\/\/beneluxtimes.com\/fr\/wp-json\/wp\/v2\/users\/1"}],"replies":[{"embeddable":true,"href":"http:\/\/beneluxtimes.com\/fr\/wp-json\/wp\/v2\/comments?post=4362"}],"version-history":[{"count":13,"href":"http:\/\/beneluxtimes.com\/fr\/wp-json\/wp\/v2\/pages\/4362\/revisions"}],"predecessor-version":[{"id":4617,"href":"http:\/\/beneluxtimes.com\/fr\/wp-json\/wp\/v2\/pages\/4362\/revisions\/4617"}],"wp:attachment":[{"href":"http:\/\/beneluxtimes.com\/fr\/wp-json\/wp\/v2\/media?parent=4362"}],"curies":[{"name":"wp","href":"https:\/\/api.w.org\/{rel}","templated":true}]}}